{"id":6385,"date":"2022-03-07T13:54:29","date_gmt":"2022-03-07T12:54:29","guid":{"rendered":"https:\/\/hoteluzamecku.cz\/price-list-pension\/"},"modified":"2023-01-26T15:34:26","modified_gmt":"2023-01-26T14:34:26","slug":"price-list-pension","status":"publish","type":"page","link":"https:\/\/hoteluzamecku.cz\/en\/price-list-pension\/","title":{"rendered":"Price list &#8211; Pension"},"content":{"rendered":"\t\t<div data-elementor-type=\"wp-page\" data-elementor-id=\"6385\" class=\"elementor elementor-6385\" data-elementor-post-type=\"page\">\n\t\t\t\t\t\t<section class=\"elementor-section elementor-top-section elementor-element elementor-element-a9ae30b elementor-section-boxed elementor-section-height-default elementor-section-height-default\" data-id=\"a9ae30b\" data-element_type=\"section\" data-e-type=\"section\" data-settings=\"{&quot;jet_parallax_layout_list&quot;:[]}\">\n\t\t\t\t\t\t<div class=\"elementor-container elementor-column-gap-default\">\n\t\t\t\t\t<div class=\"elementor-column elementor-col-100 elementor-top-column elementor-element elementor-element-49a66d0\" data-id=\"49a66d0\" data-element_type=\"column\" data-e-type=\"column\">\n\t\t\t<div class=\"elementor-widget-wrap elementor-element-populated\">\n\t\t\t\t\t\t<div class=\"elementor-element elementor-element-eccbf61 elementor-widget elementor-widget-heading\" data-id=\"eccbf61\" data-element_type=\"widget\" data-e-type=\"widget\" data-widget_type=\"heading.default\">\n\t\t\t\t<div class=\"elementor-widget-container\">\n\t\t\t\t\t<h2 class=\"elementor-heading-title elementor-size-default\">Price list of accommodation in Pension U&nbsp;Golfu<\/h2>\t\t\t\t<\/div>\n\t\t\t\t<\/div>\n\t\t\t\t<div class=\"elementor-element elementor-element-ca78cad elementor-widget elementor-widget-text-editor\" data-id=\"ca78cad\" data-element_type=\"widget\" data-e-type=\"widget\" data-widget_type=\"text-editor.default\">\n\t\t\t\t<div class=\"elementor-widget-container\">\n\t\t\t\t\t\t\t\t\t<p class=\"p1\">Prices are listed<span class=\"Apple-converted-space\"> <\/span>in CZK with VAT (10%) per room per night and include breakfast and parking.<span class=\"Apple-converted-space\"> <\/span>Spa and residence tax of 50&nbsp;CZK per person\/day is not included in the price.<\/p>\n\t\t\t\t\t\t\t\t<\/div>\n\t\t\t\t<\/div>\n\t\t\t\t<div class=\"elementor-element elementor-element-b2ae852 elementor-invisible elementor-widget elementor-widget-jet-table\" data-id=\"b2ae852\" data-element_type=\"widget\" data-e-type=\"widget\" data-settings=\"{&quot;_animation&quot;:&quot;fadeIn&quot;}\" data-widget_type=\"jet-table.default\">\n\t\t\t\t<div class=\"elementor-widget-container\">\n\t\t\t\t\t<div class=\"elementor-jet-table jet-elements\">\n\t\t<div class=\"jet-table-wrapper\">\n\t\t\t<table class=\"jet-table jet-table--fa5-compat\">\n\t\t\t\t<thead class=\"jet-table__head\"><tr class=\"jet-table__head-row\"><th class=\"jet-table__cell elementor-repeater-item-f56aaf9 jet-table__head-cell\" scope=\"col\"><div class=\"jet-table__cell-inner\"><div class=\"jet-table__cell-content\"><div class=\"jet-table__cell-text\">Pension U&nbsp;Golfu<\/div><\/div><\/div><\/th><th class=\"jet-table__cell elementor-repeater-item-fb3f7de jet-table__head-cell\" scope=\"col\"><div class=\"jet-table__cell-inner\"><div class=\"jet-table__cell-content\"><div class=\"jet-table__cell-text\">Main season<\/div><\/div><\/div><\/th><th class=\"jet-table__cell elementor-repeater-item-0a7da80 jet-table__head-cell\" scope=\"col\"><div class=\"jet-table__cell-inner\"><div class=\"jet-table__cell-content\"><div class=\"jet-table__cell-text\">Off season<\/div><\/div><\/div><\/th><th class=\"jet-table__cell elementor-repeater-item-83da223 jet-table__head-cell\" scope=\"col\"><div class=\"jet-table__cell-inner\"><div class=\"jet-table__cell-content\"><div class=\"jet-table__cell-text\">Film Festival<\/div><\/div><\/div><\/th><\/tr><\/thead>\n\t\t\t\t\t\t\t\t<tbody class=\"jet-table__body\"><tr class=\"jet-table__body-row elementor-repeater-item-3c8f36e\"><td class=\"jet-table__cell elementor-repeater-item-715dcb4 jet-table__body-cell\"><div class=\"jet-table__cell-inner\"><div class=\"jet-table__cell-content\"><div class=\"jet-table__cell-text\">Classic <small><span style=\"color: #7A7A7A\">&#8211; 1 room<\/span><\/small> <\/div><\/div><\/div><\/td><td class=\"jet-table__cell elementor-repeater-item-bcfa175 jet-table__body-cell\"><div class=\"jet-table__cell-inner\"><div class=\"jet-table__cell-content\"><div class=\"jet-table__cell-text\">1&nbsp;600<\/div><\/div><\/div><\/td><td class=\"jet-table__cell elementor-repeater-item-ee3557e jet-table__body-cell\"><div class=\"jet-table__cell-inner\"><div class=\"jet-table__cell-content\"><div class=\"jet-table__cell-text\">1&nbsp;400<\/div><\/div><\/div><\/td><td class=\"jet-table__cell elementor-repeater-item-f2c4354 jet-table__body-cell\"><div class=\"jet-table__cell-inner\"><div class=\"jet-table__cell-content\"><div class=\"jet-table__cell-text\">1&nbsp;900<\/div><\/div><\/div><\/td><\/tr><tr class=\"jet-table__body-row elementor-repeater-item-a40fc90\"><td class=\"jet-table__cell elementor-repeater-item-b7f85fd jet-table__body-cell\"><div class=\"jet-table__cell-inner\"><div class=\"jet-table__cell-content\"><div class=\"jet-table__cell-text\">Standard <small><span style=\"color: #7A7A7A\">&#8211; 5 rooms<\/span><\/small> <\/div><\/div><\/div><\/td><td class=\"jet-table__cell elementor-repeater-item-3885512 jet-table__body-cell\"><div class=\"jet-table__cell-inner\"><div class=\"jet-table__cell-content\"><div class=\"jet-table__cell-text\">1&nbsp;900<\/div><\/div><\/div><\/td><td class=\"jet-table__cell elementor-repeater-item-a4a0f1d jet-table__body-cell\"><div class=\"jet-table__cell-inner\"><div class=\"jet-table__cell-content\"><div class=\"jet-table__cell-text\">1&nbsp;600<\/div><\/div><\/div><\/td><td class=\"jet-table__cell elementor-repeater-item-9f508d4 jet-table__body-cell\"><div class=\"jet-table__cell-inner\"><div class=\"jet-table__cell-content\"><div class=\"jet-table__cell-text\">2&nbsp;300<\/div><\/div><\/div><\/td><\/tr><tr class=\"jet-table__body-row elementor-repeater-item-2c580a6\"><td class=\"jet-table__cell elementor-repeater-item-bbb7334 jet-table__body-cell\"><div class=\"jet-table__cell-inner\"><div class=\"jet-table__cell-content\"><div class=\"jet-table__cell-text\">Apartment <small><span style=\"color: #7A7A7A\">&#8211; 1 room<\/span><\/small> <\/div><\/div><\/div><\/td><td class=\"jet-table__cell elementor-repeater-item-9774380 jet-table__body-cell\"><div class=\"jet-table__cell-inner\"><div class=\"jet-table__cell-content\"><div class=\"jet-table__cell-text\">2&nbsp;200<\/div><\/div><\/div><\/td><td class=\"jet-table__cell elementor-repeater-item-674045b jet-table__body-cell\"><div class=\"jet-table__cell-inner\"><div class=\"jet-table__cell-content\"><div class=\"jet-table__cell-text\">1&nbsp;900<\/div><\/div><\/div><\/td><td class=\"jet-table__cell elementor-repeater-item-7f5369a jet-table__body-cell\"><div class=\"jet-table__cell-inner\"><div class=\"jet-table__cell-content\"><div class=\"jet-table__cell-text\">2&nbsp;600<\/div><\/div><\/div><\/td><\/tr><tr class=\"jet-table__body-row elementor-repeater-item-6b2d833\"><td class=\"jet-table__cell elementor-repeater-item-43ca749 jet-table__body-cell\"><div class=\"jet-table__cell-inner\"><div class=\"jet-table__cell-content\"><div class=\"jet-table__cell-text\">Suite <small><span style=\"color: #7A7A7A\">&#8211; 1 room<\/span><\/small> <\/div><\/div><\/div><\/td><td class=\"jet-table__cell elementor-repeater-item-930f2d7 jet-table__body-cell\"><div class=\"jet-table__cell-inner\"><div class=\"jet-table__cell-content\"><div class=\"jet-table__cell-text\">2&nbsp;400<\/div><\/div><\/div><\/td><td class=\"jet-table__cell elementor-repeater-item-4877053 jet-table__body-cell\"><div class=\"jet-table__cell-inner\"><div class=\"jet-table__cell-content\"><div class=\"jet-table__cell-text\">2&nbsp;100<\/div><\/div><\/div><\/td><td class=\"jet-table__cell elementor-repeater-item-c4ff604 jet-table__body-cell\"><div class=\"jet-table__cell-inner\"><div class=\"jet-table__cell-content\"><div class=\"jet-table__cell-text\">2&nbsp;900<\/div><\/div><\/div><\/td><\/tr><tr class=\"jet-table__body-row elementor-repeater-item-aee166a\"><td class=\"jet-table__cell elementor-repeater-item-35d757e jet-table__body-cell\"><div class=\"jet-table__cell-inner\"><div class=\"jet-table__cell-content\"><div class=\"jet-table__cell-text\">Two Bedroom Suite<\/div><\/div><\/div><\/td><td class=\"jet-table__cell elementor-repeater-item-1ed3350 jet-table__body-cell\"><div class=\"jet-table__cell-inner\"><div class=\"jet-table__cell-content\"><div class=\"jet-table__cell-text\">4&nbsp;300<\/div><\/div><\/div><\/td><td class=\"jet-table__cell elementor-repeater-item-14ddd37 jet-table__body-cell\"><div class=\"jet-table__cell-inner\"><div class=\"jet-table__cell-content\"><div class=\"jet-table__cell-text\">3&nbsp;700<\/div><\/div><\/div><\/td><td class=\"jet-table__cell elementor-repeater-item-b668e73 jet-table__body-cell\"><div class=\"jet-table__cell-inner\"><div class=\"jet-table__cell-content\"><div class=\"jet-table__cell-text\">5&nbsp;200<\/div><\/div><\/div><\/td><\/tr><\/tbody>\n\t\t\t<\/table>\n\t\t<\/div>\n\n\t\t<\/div>\t\t\t\t<\/div>\n\t\t\t\t<\/div>\n\t\t\t\t<div class=\"elementor-element elementor-element-373a494 elementor-widget elementor-widget-shortcode\" data-id=\"373a494\" data-element_type=\"widget\" data-e-type=\"widget\" data-widget_type=\"shortcode.default\">\n\t\t\t\t<div class=\"elementor-widget-container\">\n\t\t\t\t\t\t\t<div class=\"elementor-shortcode\">\t\t<div data-elementor-type=\"section\" data-elementor-id=\"7133\" class=\"elementor elementor-7133 elementor-7125 elementor-7125\" data-elementor-post-type=\"elementor_library\">\n\t\t\t\t\t<section class=\"elementor-section elementor-top-section elementor-element elementor-element-d4630c6 elementor-section-boxed elementor-section-height-default elementor-section-height-default\" data-id=\"d4630c6\" data-element_type=\"section\" data-e-type=\"section\" data-settings=\"{&quot;jet_parallax_layout_list&quot;:[]}\">\n\t\t\t\t\t\t<div class=\"elementor-container elementor-column-gap-default\">\n\t\t\t\t\t<div class=\"elementor-column elementor-col-100 elementor-top-column elementor-element elementor-element-b8a92a0\" data-id=\"b8a92a0\" data-element_type=\"column\" data-e-type=\"column\">\n\t\t\t<div class=\"elementor-widget-wrap elementor-element-populated\">\n\t\t\t\t\t\t<div class=\"elementor-element elementor-element-20810e9 elementor-widget elementor-widget-text-editor\" data-id=\"20810e9\" data-element_type=\"widget\" data-e-type=\"widget\" data-widget_type=\"text-editor.default\">\n\t\t\t\t<div class=\"elementor-widget-container\">\n\t\t\t\t\t\t\t\t\t<p><strong>MAIN SEASON<\/strong><br>from 1.&nbsp;4.&nbsp;2025 to 22.&nbsp;12.&nbsp;2025.<br><strong>Wellness opening hours:<\/strong> Sunday to Thursday from 8:00 a.m. to 8:00 p.m. Friday and Saturday from 08:00 to 22:00.<br><strong>Sauna opening hours:<\/strong> daily from 4:00 p.m. to 8:00 p.m.<br><strong>Fitness:<\/strong> daily from 4:00 PM&nbsp;to 8:00 PM.<\/p><p><strong>HIGH SEASON<\/strong><br>Easter holidays: 18.&nbsp;to 21.&nbsp;4.&nbsp;2025, Christmas holidays 22.&nbsp;12.&nbsp;2025 to 4.&nbsp;1.&nbsp;2026<br><strong>Wellness opening hours:<\/strong> Sunday to Thursday from 8:00 a.m. to 8:00 p.m. Friday and Saturday from 08:00 to 22:00.<br><strong>Sauna opening hours:<\/strong> daily from 4:00 p.m. to 8:00 p.m.<br><strong>Fitness:<\/strong> daily from 4:00 PM&nbsp;to 8:00 PM.<\/p>\t\t\t\t\t\t\t\t<\/div>\n\t\t\t\t<\/div>\n\t\t\t\t\t<\/div>\n\t\t<\/div>\n\t\t\t\t\t<\/div>\n\t\t<\/section>\n\t\t\t\t<\/div>\n\t\t<\/div>\n\t\t\t\t\t\t<\/div>\n\t\t\t\t<\/div>\n\t\t\t\t<div class=\"elementor-element elementor-element-6f4759a elementor-widget elementor-widget-shortcode\" data-id=\"6f4759a\" data-element_type=\"widget\" data-e-type=\"widget\" data-widget_type=\"shortcode.default\">\n\t\t\t\t<div class=\"elementor-widget-container\">\n\t\t\t\t\t\t\t<div class=\"elementor-shortcode\">\t\t<div data-elementor-type=\"section\" data-elementor-id=\"7097\" class=\"elementor elementor-7097 elementor-7094 elementor-7094\" data-elementor-post-type=\"elementor_library\">\n\t\t\t\t\t<section class=\"elementor-section elementor-top-section elementor-element elementor-element-76cbae2 elementor-section-boxed elementor-section-height-default elementor-section-height-default\" data-id=\"76cbae2\" data-element_type=\"section\" data-e-type=\"section\" data-settings=\"{&quot;jet_parallax_layout_list&quot;:[]}\">\n\t\t\t\t\t\t<div class=\"elementor-container elementor-column-gap-default\">\n\t\t\t\t\t<div class=\"elementor-column elementor-col-100 elementor-top-column elementor-element elementor-element-06e2046\" data-id=\"06e2046\" data-element_type=\"column\" data-e-type=\"column\">\n\t\t\t<div class=\"elementor-widget-wrap elementor-element-populated\">\n\t\t\t\t\t\t<div class=\"elementor-element elementor-element-e640849 elementor-widget elementor-widget-text-editor\" data-id=\"e640849\" data-element_type=\"widget\" data-e-type=\"widget\" data-widget_type=\"text-editor.default\">\n\t\t\t\t<div class=\"elementor-widget-container\">\n\t\t\t\t\t\t\t\t\t<p class=\"p1\"><i><strong>Price for single use<\/strong>: minus 300 CZK\/night from the room price. <\/i><i><strong>Price for children<\/strong>: (extra bed Ch\u00e2teau, Villa Golf, Hotel U&nbsp;Z\u00e1me\u010dku) 0-2 years free, 3-11 years 1100 CZK\/night, 12-15 years extra bed 1500 CZK\/night. <\/i>Price per night including breakfast and access to wellness. Accommodation with an extra bed in the Hotel u&nbsp;Z\u00e1me\u010dku is only possible in Superior rooms with access to wellness. <i>Price for children (extra bed Pension U&nbsp;Golfu): 0-2 years: free, 3-11 years: 600 CZK\/night, 12-15 years: 900 CZK\/night.  <\/i><i><\/i><i><strong>Price per pet <\/strong> up to 15&nbsp;kg: 400 CZK\/\/night (only in selected rooms). <\/i><em>Prices at Ch\u00e2teau Cihelny**** and Ville Golf**** include <strong>access to the wellness centre<\/strong>. In the case of accommodation in Hotel U&nbsp;Z\u00e1me\u010dku*** and Pension U&nbsp;Golfu**, entry to the wellness centre for an additional fee: 600 CZK\/person\/day. The prices are stated in CZK including VAT (12%) per room per night and include breakfast and parking. Spa and <strong>residence tax<\/strong> of 50&nbsp;CZK per adult\/day is not included in the price. <strong>Late check-out<\/strong> 11:00 &#8211; 14:00 for a&nbsp;surcharge of 500 CZK\/room, <strong>late check-out<\/strong> 11:00 &#8211; 18:00 for a&nbsp;surcharge of 1000 CZK\/room &#8211; subject to availability.  <\/em><i><\/i><strong>Wellness for public<\/strong> 180 minutes 800 CZK\/person<\/p>\t\t\t\t\t\t\t\t<\/div>\n\t\t\t\t<\/div>\n\t\t\t\t<div class=\"elementor-element elementor-element-ec36b1f elementor-widget elementor-widget-shortcode\" data-id=\"ec36b1f\" data-element_type=\"widget\" data-e-type=\"widget\" data-widget_type=\"shortcode.default\">\n\t\t\t\t<div class=\"elementor-widget-container\">\n\t\t\t\t\t\t\t<div class=\"elementor-shortcode\">\t\t<div data-elementor-type=\"section\" data-elementor-id=\"11348\" class=\"elementor elementor-11348 elementor-11344 elementor-11344 elementor-11344\" data-elementor-post-type=\"elementor_library\">\n\t\t\t<div class=\"elementor-element elementor-element-bff5841 e-flex e-con-boxed e-con e-parent\" data-id=\"bff5841\" data-element_type=\"container\" data-e-type=\"container\" data-settings=\"{&quot;jet_parallax_layout_list&quot;:[]}\">\n\t\t\t\t\t<div class=\"e-con-inner\">\n\t\t\t\t<div class=\"elementor-element elementor-element-df9df9b elementor-widget elementor-widget-text-editor\" data-id=\"df9df9b\" data-element_type=\"widget\" data-e-type=\"widget\" data-widget_type=\"text-editor.default\">\n\t\t\t\t<div class=\"elementor-widget-container\">\n\t\t\t\t\t\t\t\t\t<p class=\"p1\"><i>Price list valid from 5.&nbsp;1.&nbsp;2026<\/i><\/p>\t\t\t\t\t\t\t\t<\/div>\n\t\t\t\t<\/div>\n\t\t\t\t\t<\/div>\n\t\t\t\t<\/div>\n\t\t\t\t<\/div>\n\t\t<\/div>\n\t\t\t\t\t\t<\/div>\n\t\t\t\t<\/div>\n\t\t\t\t\t<\/div>\n\t\t<\/div>\n\t\t\t\t\t<\/div>\n\t\t<\/section>\n\t\t\t\t<\/div>\n\t\t<\/div>\n\t\t\t\t\t\t<\/div>\n\t\t\t\t<\/div>\n\t\t\t\t<div class=\"elementor-element elementor-element-0df95d3 elementor-align-center elementor-widget__width-auto elementor-widget elementor-widget-button\" data-id=\"0df95d3\" data-element_type=\"widget\" data-e-type=\"widget\" data-widget_type=\"button.default\">\n\t\t\t\t<div class=\"elementor-widget-container\">\n\t\t\t\t\t\t\t\t\t<div class=\"elementor-button-wrapper\">\n\t\t\t\t\t<a class=\"elementor-button elementor-button-link elementor-size-sm\" href=\"https:\/\/hoteluzamecku.cz\/en\/about-the-pension\/\">\n\t\t\t\t\t\t<span class=\"elementor-button-content-wrapper\">\n\t\t\t\t\t\t\t\t\t<span class=\"elementor-button-text\">About Pension U&nbsp;Golfu<\/span>\n\t\t\t\t\t<\/span>\n\t\t\t\t\t<\/a>\n\t\t\t\t<\/div>\n\t\t\t\t\t\t\t\t<\/div>\n\t\t\t\t<\/div>\n\t\t\t\t<div class=\"elementor-element elementor-element-bb31752 elementor-align-center elementor-widget__width-auto elementor-widget elementor-widget-button\" data-id=\"bb31752\" data-element_type=\"widget\" data-e-type=\"widget\" data-widget_type=\"button.default\">\n\t\t\t\t<div class=\"elementor-widget-container\">\n\t\t\t\t\t\t\t\t\t<div class=\"elementor-button-wrapper\">\n\t\t\t\t\t<a class=\"elementor-button elementor-button-link elementor-size-sm\" href=\"https:\/\/hoteluzamecku.cz\/en\/book-a-room-pension\/\">\n\t\t\t\t\t\t<span class=\"elementor-button-content-wrapper\">\n\t\t\t\t\t\t\t\t\t<span class=\"elementor-button-text\">Book now<\/span>\n\t\t\t\t\t<\/span>\n\t\t\t\t\t<\/a>\n\t\t\t\t<\/div>\n\t\t\t\t\t\t\t\t<\/div>\n\t\t\t\t<\/div>\n\t\t\t\t<div class=\"elementor-element elementor-element-a143242 elementor-widget elementor-widget-shortcode\" data-id=\"a143242\" data-element_type=\"widget\" data-e-type=\"widget\" data-widget_type=\"shortcode.default\">\n\t\t\t\t<div class=\"elementor-widget-container\">\n\t\t\t\t\t\t\t<div class=\"elementor-shortcode\">\t\t<div data-elementor-type=\"section\" data-elementor-id=\"2032\" class=\"elementor elementor-2032\" data-elementor-post-type=\"elementor_library\">\n\t\t\t\t\t<section class=\"elementor-section elementor-top-section elementor-element elementor-element-2be82901 elementor-section-boxed elementor-section-height-default elementor-section-height-default\" data-id=\"2be82901\" data-element_type=\"section\" data-e-type=\"section\" data-settings=\"{&quot;jet_parallax_layout_list&quot;:[]}\">\n\t\t\t\t\t\t<div class=\"elementor-container elementor-column-gap-default\">\n\t\t\t\t\t<div class=\"elementor-column elementor-col-100 elementor-top-column elementor-element elementor-element-4b5d9b98\" data-id=\"4b5d9b98\" data-element_type=\"column\" data-e-type=\"column\">\n\t\t\t<div class=\"elementor-widget-wrap elementor-element-populated\">\n\t\t\t\t\t\t<div class=\"elementor-element elementor-element-1f3747c8 elementor-widget elementor-widget-image\" data-id=\"1f3747c8\" data-element_type=\"widget\" data-e-type=\"widget\" data-widget_type=\"image.default\">\n\t\t\t\t<div class=\"elementor-widget-container\">\n\t\t\t\t\t\t\t\t\t\t\t\t\t\t\t\t<a href=\"https:\/\/hoteluzamecku.cz\/en\/\">\n\t\t\t\t\t\t\t<img decoding=\"async\" width=\"52\" height=\"70\" src=\"https:\/\/hoteluzamecku.cz\/wp-content\/uploads\/2022\/03\/icon-cahteau-cihelny_-2.svg\" class=\"attachment-full size-full wp-image-6160\" alt=\"\" \/>\t\t\t\t\t\t\t\t<\/a>\n\t\t\t\t\t\t\t\t\t\t\t\t\t\t\t<\/div>\n\t\t\t\t<\/div>\n\t\t\t\t\t<\/div>\n\t\t<\/div>\n\t\t\t\t\t<\/div>\n\t\t<\/section>\n\t\t\t\t<\/div>\n\t\t<\/div>\n\t\t\t\t\t\t<\/div>\n\t\t\t\t<\/div>\n\t\t\t\t\t<\/div>\n\t\t<\/div>\n\t\t\t\t\t<\/div>\n\t\t<\/section>\n\t\t\t\t<\/div>\n\t\t","protected":false},"excerpt":{"rendered":"<p>Price list of accommodation in Pension U&nbsp;Golfu Prices are listed in CZK with VAT (10%) per room per night and include breakfast and parking. Spa and residence tax of 50&nbsp;CZK per person\/day is not included in the price. Pension U&nbsp;Golfu Main season Off season Film Festival Classic &#8211; 1 room 1&nbsp;600&nbsp;1&nbsp;400&nbsp;1&nbsp;900 Standard &#8211; [&hellip;]<\/p>\n","protected":false},"author":6,"featured_media":0,"parent":0,"menu_order":0,"comment_status":"closed","ping_status":"closed","template":"","meta":{"inline_featured_image":false,"iawp_total_views":3,"footnotes":""},"class_list":["post-6385","page","type-page","status-publish","hentry"],"_links":{"self":[{"href":"https:\/\/hoteluzamecku.cz\/en\/wp-json\/wp\/v2\/pages\/6385","targetHints":{"allow":["GET"]}}],"collection":[{"href":"https:\/\/hoteluzamecku.cz\/en\/wp-json\/wp\/v2\/pages"}],"about":[{"href":"https:\/\/hoteluzamecku.cz\/en\/wp-json\/wp\/v2\/types\/page"}],"author":[{"embeddable":true,"href":"https:\/\/hoteluzamecku.cz\/en\/wp-json\/wp\/v2\/users\/6"}],"replies":[{"embeddable":true,"href":"https:\/\/hoteluzamecku.cz\/en\/wp-json\/wp\/v2\/comments?post=6385"}],"version-history":[{"count":0,"href":"https:\/\/hoteluzamecku.cz\/en\/wp-json\/wp\/v2\/pages\/6385\/revisions"}],"wp:attachment":[{"href":"https:\/\/hoteluzamecku.cz\/en\/wp-json\/wp\/v2\/media?parent=6385"}],"curies":[{"name":"wp","href":"https:\/\/api.w.org\/{rel}","templated":true}]}}