{"id":10946,"date":"2025-06-25T12:02:32","date_gmt":"2025-06-25T10:02:32","guid":{"rendered":"https:\/\/hoteluzamecku.cz\/rooms-chateau-cihleny-2\/"},"modified":"2025-06-25T12:46:28","modified_gmt":"2025-06-25T10:46:28","slug":"rooms-chateau-cihleny-2","status":"publish","type":"page","link":"https:\/\/hoteluzamecku.cz\/en\/rooms-chateau-cihleny-2\/","title":{"rendered":"Rooms &#8211; Hotel U&nbsp;Z\u00e1me\u010dku"},"content":{"rendered":"\t\t<div data-elementor-type=\"wp-page\" data-elementor-id=\"10946\" class=\"elementor elementor-10946 elementor-10943\" data-elementor-post-type=\"page\">\n\t\t\t\t\t\t<section class=\"elementor-section elementor-top-section elementor-element elementor-element-95a28b2 elementor-section-boxed elementor-section-height-default elementor-section-height-default\" data-id=\"95a28b2\" data-element_type=\"section\" data-e-type=\"section\" data-settings=\"{&quot;jet_parallax_layout_list&quot;:[]}\">\n\t\t\t\t\t\t<div class=\"elementor-container elementor-column-gap-default\">\n\t\t\t\t\t<div class=\"elementor-column elementor-col-100 elementor-top-column elementor-element elementor-element-2687c38\" data-id=\"2687c38\" data-element_type=\"column\" data-e-type=\"column\">\n\t\t\t<div class=\"elementor-widget-wrap elementor-element-populated\">\n\t\t\t\t\t\t<div class=\"elementor-element elementor-element-5fd113d elementor-widget elementor-widget-heading\" data-id=\"5fd113d\" data-element_type=\"widget\" data-e-type=\"widget\" data-widget_type=\"heading.default\">\n\t\t\t\t<div class=\"elementor-widget-container\">\n\t\t\t\t\t<h1 class=\"elementor-heading-title elementor-size-default\">Hotel U&nbsp;Z\u00e1me\u010dku - rooms<\/h1>\t\t\t\t<\/div>\n\t\t\t\t<\/div>\n\t\t\t\t<div class=\"elementor-element elementor-element-351e9e9 elementor-widget elementor-widget-text-editor\" data-id=\"351e9e9\" data-element_type=\"widget\" data-e-type=\"widget\" data-widget_type=\"text-editor.default\">\n\t\t\t\t<div class=\"elementor-widget-container\">\n\t\t\t\t\t\t\t\t\t<p>All rooms of the Hotel U&nbsp;Z\u00e1me\u010dku***, which is located in close proximity to the Ch\u00e2teau Cihelny building, are equipped with private bathroom with toilet, hairdryer and cosmetics \u2022 Telephone, free Wi-Fi, TV, safe \u2022 Capacity is 10 double rooms with double bed or two single beds. One of the rooms has an extra bed &#8211; Rooms can also be booked for accommodation of one person &#8211; so called. one person only. <\/p>\t\t\t\t\t\t\t\t<\/div>\n\t\t\t\t<\/div>\n\t\t\t\t\t<\/div>\n\t\t<\/div>\n\t\t\t\t\t<\/div>\n\t\t<\/section>\n\t\t\t\t<section class=\"elementor-section elementor-top-section elementor-element elementor-element-d1c3488 elementor-section-full_width elementor-reverse-tablet elementor-reverse-mobile elementor-section-height-default elementor-section-height-default\" data-id=\"d1c3488\" data-element_type=\"section\" data-e-type=\"section\" data-settings=\"{&quot;jet_parallax_layout_list&quot;:[],&quot;background_background&quot;:&quot;classic&quot;}\">\n\t\t\t\t\t\t<div class=\"elementor-container elementor-column-gap-default\">\n\t\t\t\t\t<div class=\"elementor-column elementor-col-50 elementor-top-column elementor-element elementor-element-67db302\" data-id=\"67db302\" data-element_type=\"column\" data-e-type=\"column\" data-settings=\"{&quot;background_background&quot;:&quot;classic&quot;}\">\n\t\t\t<div class=\"elementor-widget-wrap elementor-element-populated\">\n\t\t\t\t\t<div class=\"elementor-background-overlay\"><\/div>\n\t\t\t\t\t\t<div class=\"elementor-element elementor-element-0709356 elementor-widget elementor-widget-heading\" data-id=\"0709356\" data-element_type=\"widget\" data-e-type=\"widget\" data-widget_type=\"heading.default\">\n\t\t\t\t<div class=\"elementor-widget-container\">\n\t\t\t\t\t<h2 class=\"elementor-heading-title elementor-size-default\">Superior Double Room<\/h2>\t\t\t\t<\/div>\n\t\t\t\t<\/div>\n\t\t\t\t<div class=\"elementor-element elementor-element-e7129d0 elementor-widget elementor-widget-text-editor\" data-id=\"e7129d0\" data-element_type=\"widget\" data-e-type=\"widget\" data-widget_type=\"text-editor.default\">\n\t\t\t\t<div class=\"elementor-widget-container\">\n\t\t\t\t\t\t\t\t\t<p>Superior Double Room includes access to the spa<\/p>\t\t\t\t\t\t\t\t<\/div>\n\t\t\t\t<\/div>\n\t\t\t\t<div class=\"elementor-element elementor-element-55aaa36 elementor-align-center elementor-widget elementor-widget-button\" data-id=\"55aaa36\" data-element_type=\"widget\" data-e-type=\"widget\" data-widget_type=\"button.default\">\n\t\t\t\t<div class=\"elementor-widget-container\">\n\t\t\t\t\t\t\t\t\t<div class=\"elementor-button-wrapper\">\n\t\t\t\t\t<a class=\"elementor-button elementor-button-link elementor-size-sm elementor-animation-grow\" href=\"https:\/\/hoteluzamecku.cz\/en\/book-a-room-hotel\/\">\n\t\t\t\t\t\t<span class=\"elementor-button-content-wrapper\">\n\t\t\t\t\t\t\t\t\t<span class=\"elementor-button-text\">Book now<\/span>\n\t\t\t\t\t<\/span>\n\t\t\t\t\t<\/a>\n\t\t\t\t<\/div>\n\t\t\t\t\t\t\t\t<\/div>\n\t\t\t\t<\/div>\n\t\t\t\t\t<\/div>\n\t\t<\/div>\n\t\t\t\t<div class=\"elementor-column elementor-col-50 elementor-top-column elementor-element elementor-element-2d21ab3\" data-id=\"2d21ab3\" data-element_type=\"column\" data-e-type=\"column\" data-settings=\"{&quot;background_background&quot;:&quot;slideshow&quot;,&quot;background_slideshow_gallery&quot;:[{&quot;id&quot;:10953,&quot;url&quot;:&quot;https:\\\/\\\/hoteluzamecku.cz\\\/wp-content\\\/uploads\\\/2025\\\/06\\\/56_54room_OK_250401_KN6_3759-HDR.jpg&quot;},{&quot;id&quot;:10956,&quot;url&quot;:&quot;https:\\\/\\\/hoteluzamecku.cz\\\/wp-content\\\/uploads\\\/2025\\\/06\\\/58_54room_OK_250401_KN6_3775-HDR.jpg&quot;},{&quot;id&quot;:10959,&quot;url&quot;:&quot;https:\\\/\\\/hoteluzamecku.cz\\\/wp-content\\\/uploads\\\/2025\\\/06\\\/60_54room_OK_250401_KN6_3815-HDR.jpg&quot;},{&quot;id&quot;:10962,&quot;url&quot;:&quot;https:\\\/\\\/hoteluzamecku.cz\\\/wp-content\\\/uploads\\\/2025\\\/06\\\/61_54room_OK_250401_KN6_3823-HDR.jpg&quot;},{&quot;id&quot;:10965,&quot;url&quot;:&quot;https:\\\/\\\/hoteluzamecku.cz\\\/wp-content\\\/uploads\\\/2025\\\/06\\\/63_54room_OK_250401_KN6_3851-HDR.jpg&quot;},{&quot;id&quot;:10968,&quot;url&quot;:&quot;https:\\\/\\\/hoteluzamecku.cz\\\/wp-content\\\/uploads\\\/2025\\\/06\\\/106_64room_OK_250402_KN6_4183-HDR.jpg&quot;},{&quot;id&quot;:10971,&quot;url&quot;:&quot;https:\\\/\\\/hoteluzamecku.cz\\\/wp-content\\\/uploads\\\/2025\\\/06\\\/111_64room_OK_250402_KN6_4235-HDR.jpg&quot;},{&quot;id&quot;:10974,&quot;url&quot;:&quot;https:\\\/\\\/hoteluzamecku.cz\\\/wp-content\\\/uploads\\\/2025\\\/06\\\/114_64room_OK_250402_KN6_4275-HDR.jpg&quot;},{&quot;id&quot;:10977,&quot;url&quot;:&quot;https:\\\/\\\/hoteluzamecku.cz\\\/wp-content\\\/uploads\\\/2025\\\/06\\\/119_64room_OK_250402_KN6_4311-HDR.jpg&quot;},{&quot;id&quot;:10980,&quot;url&quot;:&quot;https:\\\/\\\/hoteluzamecku.cz\\\/wp-content\\\/uploads\\\/2025\\\/06\\\/122_64room_OK_250402_KM6_7109.jpg&quot;},{&quot;id&quot;:10983,&quot;url&quot;:&quot;https:\\\/\\\/hoteluzamecku.cz\\\/wp-content\\\/uploads\\\/2025\\\/06\\\/123_64room_OK_250402_KM6_7116.jpg&quot;}],&quot;background_slideshow_lazyload&quot;:&quot;yes&quot;,&quot;background_slideshow_loop&quot;:&quot;yes&quot;,&quot;background_slideshow_slide_duration&quot;:5000,&quot;background_slideshow_slide_transition&quot;:&quot;fade&quot;,&quot;background_slideshow_transition_duration&quot;:500}\">\n\t\t\t<div class=\"elementor-widget-wrap elementor-element-populated\">\n\t\t\t\t\t\t<div class=\"elementor-element elementor-element-0668b0f elementor-widget elementor-widget-spacer\" data-id=\"0668b0f\" data-element_type=\"widget\" data-e-type=\"widget\" data-widget_type=\"spacer.default\">\n\t\t\t\t<div class=\"elementor-widget-container\">\n\t\t\t\t\t\t\t<div class=\"elementor-spacer\">\n\t\t\t<div class=\"elementor-spacer-inner\"><\/div>\n\t\t<\/div>\n\t\t\t\t\t\t<\/div>\n\t\t\t\t<\/div>\n\t\t\t\t\t<\/div>\n\t\t<\/div>\n\t\t\t\t\t<\/div>\n\t\t<\/section>\n\t\t\t\t<section class=\"elementor-section elementor-top-section elementor-element elementor-element-bb04585 elementor-section-full_width elementor-section-height-default elementor-section-height-default\" data-id=\"bb04585\" data-element_type=\"section\" data-e-type=\"section\" data-settings=\"{&quot;jet_parallax_layout_list&quot;:[],&quot;background_background&quot;:&quot;classic&quot;}\">\n\t\t\t\t\t\t<div class=\"elementor-container elementor-column-gap-default\">\n\t\t\t\t\t<div class=\"elementor-column elementor-col-50 elementor-top-column elementor-element elementor-element-7fbe94a\" data-id=\"7fbe94a\" data-element_type=\"column\" data-e-type=\"column\" data-settings=\"{&quot;background_background&quot;:&quot;slideshow&quot;,&quot;background_slideshow_gallery&quot;:[{&quot;id&quot;:10986,&quot;url&quot;:&quot;https:\\\/\\\/hoteluzamecku.cz\\\/wp-content\\\/uploads\\\/2025\\\/06\\\/37_51room_OK_250401_KN6_3543-HDR.jpg&quot;},{&quot;id&quot;:10989,&quot;url&quot;:&quot;https:\\\/\\\/hoteluzamecku.cz\\\/wp-content\\\/uploads\\\/2025\\\/06\\\/39_51room_OK_250401_KN6_3563-HDR.jpg&quot;},{&quot;id&quot;:10992,&quot;url&quot;:&quot;https:\\\/\\\/hoteluzamecku.cz\\\/wp-content\\\/uploads\\\/2025\\\/06\\\/40_51room_OK_250401_KN6_3579-HDR.jpg&quot;},{&quot;id&quot;:10995,&quot;url&quot;:&quot;https:\\\/\\\/hoteluzamecku.cz\\\/wp-content\\\/uploads\\\/2025\\\/06\\\/41_51room_OK_250401_KN6_3587-HDR.jpg&quot;},{&quot;id&quot;:10998,&quot;url&quot;:&quot;https:\\\/\\\/hoteluzamecku.cz\\\/wp-content\\\/uploads\\\/2025\\\/06\\\/43_52room_OK_250401_KN6_3611-HDR.jpg&quot;},{&quot;id&quot;:11001,&quot;url&quot;:&quot;https:\\\/\\\/hoteluzamecku.cz\\\/wp-content\\\/uploads\\\/2025\\\/06\\\/46_52room_OK_250401_KN6_3639-HDR.jpg&quot;},{&quot;id&quot;:11004,&quot;url&quot;:&quot;https:\\\/\\\/hoteluzamecku.cz\\\/wp-content\\\/uploads\\\/2025\\\/06\\\/49_52room_OK_250401_KN6_3675-HDR.jpg&quot;},{&quot;id&quot;:11007,&quot;url&quot;:&quot;https:\\\/\\\/hoteluzamecku.cz\\\/wp-content\\\/uploads\\\/2025\\\/06\\\/51_53room_OK_250401_KN6_3695-HDR.jpg&quot;},{&quot;id&quot;:11010,&quot;url&quot;:&quot;https:\\\/\\\/hoteluzamecku.cz\\\/wp-content\\\/uploads\\\/2025\\\/06\\\/53_53room_OK_250401_KN6_3719-HDR.jpg&quot;},{&quot;id&quot;:11013,&quot;url&quot;:&quot;https:\\\/\\\/hoteluzamecku.cz\\\/wp-content\\\/uploads\\\/2025\\\/06\\\/54_53room_OK_250401_KN6_3739-HDR.jpg&quot;},{&quot;id&quot;:11016,&quot;url&quot;:&quot;https:\\\/\\\/hoteluzamecku.cz\\\/wp-content\\\/uploads\\\/2025\\\/06\\\/70_63room_OK_250401_KN6_3923-HDR.jpg&quot;},{&quot;id&quot;:11019,&quot;url&quot;:&quot;https:\\\/\\\/hoteluzamecku.cz\\\/wp-content\\\/uploads\\\/2025\\\/06\\\/71_63room_OK_250401_KN6_3931-HDR.jpg&quot;},{&quot;id&quot;:11022,&quot;url&quot;:&quot;https:\\\/\\\/hoteluzamecku.cz\\\/wp-content\\\/uploads\\\/2025\\\/06\\\/93_63room_OK_250402_KN6_4131-HDR.jpg&quot;},{&quot;id&quot;:11025,&quot;url&quot;:&quot;https:\\\/\\\/hoteluzamecku.cz\\\/wp-content\\\/uploads\\\/2025\\\/06\\\/94_63room_OK_250402_KN6_4135-HDR.jpg&quot;},{&quot;id&quot;:11028,&quot;url&quot;:&quot;https:\\\/\\\/hoteluzamecku.cz\\\/wp-content\\\/uploads\\\/2025\\\/06\\\/101_63room_OK_250402_KM6_7053.jpg&quot;}],&quot;background_slideshow_lazyload&quot;:&quot;yes&quot;,&quot;background_slideshow_loop&quot;:&quot;yes&quot;,&quot;background_slideshow_slide_duration&quot;:5000,&quot;background_slideshow_slide_transition&quot;:&quot;fade&quot;,&quot;background_slideshow_transition_duration&quot;:500}\">\n\t\t\t<div class=\"elementor-widget-wrap elementor-element-populated\">\n\t\t\t\t\t\t<div class=\"elementor-element elementor-element-80846a8 elementor-widget elementor-widget-spacer\" data-id=\"80846a8\" data-element_type=\"widget\" data-e-type=\"widget\" data-widget_type=\"spacer.default\">\n\t\t\t\t<div class=\"elementor-widget-container\">\n\t\t\t\t\t\t\t<div class=\"elementor-spacer\">\n\t\t\t<div class=\"elementor-spacer-inner\"><\/div>\n\t\t<\/div>\n\t\t\t\t\t\t<\/div>\n\t\t\t\t<\/div>\n\t\t\t\t\t<\/div>\n\t\t<\/div>\n\t\t\t\t<div class=\"elementor-column elementor-col-50 elementor-top-column elementor-element elementor-element-1cec3fc\" data-id=\"1cec3fc\" data-element_type=\"column\" data-e-type=\"column\" data-settings=\"{&quot;background_background&quot;:&quot;classic&quot;}\">\n\t\t\t<div class=\"elementor-widget-wrap elementor-element-populated\">\n\t\t\t\t\t<div class=\"elementor-background-overlay\"><\/div>\n\t\t\t\t\t\t<div class=\"elementor-element elementor-element-734939d elementor-widget elementor-widget-heading\" data-id=\"734939d\" data-element_type=\"widget\" data-e-type=\"widget\" data-widget_type=\"heading.default\">\n\t\t\t\t<div class=\"elementor-widget-container\">\n\t\t\t\t\t<h2 class=\"elementor-heading-title elementor-size-default\">Standard Double Room<\/h2>\t\t\t\t<\/div>\n\t\t\t\t<\/div>\n\t\t\t\t<div class=\"elementor-element elementor-element-9126fff elementor-widget elementor-widget-text-editor\" data-id=\"9126fff\" data-element_type=\"widget\" data-e-type=\"widget\" data-widget_type=\"text-editor.default\">\n\t\t\t\t<div class=\"elementor-widget-container\">\n\t\t\t\t\t\t\t\t\t<p>Standard Double Room includes access to the spa for a&nbsp;fee<\/p>\t\t\t\t\t\t\t\t<\/div>\n\t\t\t\t<\/div>\n\t\t\t\t<div class=\"elementor-element elementor-element-db28c87 elementor-align-center elementor-widget elementor-widget-button\" data-id=\"db28c87\" data-element_type=\"widget\" data-e-type=\"widget\" data-widget_type=\"button.default\">\n\t\t\t\t<div class=\"elementor-widget-container\">\n\t\t\t\t\t\t\t\t\t<div class=\"elementor-button-wrapper\">\n\t\t\t\t\t<a class=\"elementor-button elementor-button-link elementor-size-sm elementor-animation-grow\" href=\"https:\/\/hoteluzamecku.cz\/en\/book-a-room-hotel\/\">\n\t\t\t\t\t\t<span class=\"elementor-button-content-wrapper\">\n\t\t\t\t\t\t\t\t\t<span class=\"elementor-button-text\">Book now<\/span>\n\t\t\t\t\t<\/span>\n\t\t\t\t\t<\/a>\n\t\t\t\t<\/div>\n\t\t\t\t\t\t\t\t<\/div>\n\t\t\t\t<\/div>\n\t\t\t\t\t<\/div>\n\t\t<\/div>\n\t\t\t\t\t<\/div>\n\t\t<\/section>\n\t\t\t\t<section class=\"elementor-section elementor-top-section elementor-element elementor-element-affb8f3 elementor-section-full_width elementor-reverse-tablet elementor-reverse-mobile elementor-section-height-default elementor-section-height-default\" data-id=\"affb8f3\" data-element_type=\"section\" data-e-type=\"section\" data-settings=\"{&quot;jet_parallax_layout_list&quot;:[],&quot;background_background&quot;:&quot;classic&quot;}\">\n\t\t\t\t\t\t<div class=\"elementor-container elementor-column-gap-default\">\n\t\t\t\t\t<div class=\"elementor-column elementor-col-50 elementor-top-column elementor-element elementor-element-c701490\" data-id=\"c701490\" data-element_type=\"column\" data-e-type=\"column\" data-settings=\"{&quot;background_background&quot;:&quot;classic&quot;}\">\n\t\t\t<div class=\"elementor-widget-wrap elementor-element-populated\">\n\t\t\t\t\t<div class=\"elementor-background-overlay\"><\/div>\n\t\t\t\t\t\t<div class=\"elementor-element elementor-element-bc3749d elementor-widget elementor-widget-heading\" data-id=\"bc3749d\" data-element_type=\"widget\" data-e-type=\"widget\" data-widget_type=\"heading.default\">\n\t\t\t\t<div class=\"elementor-widget-container\">\n\t\t\t\t\t<h2 class=\"elementor-heading-title elementor-size-default\">Economy Double Room<\/h2>\t\t\t\t<\/div>\n\t\t\t\t<\/div>\n\t\t\t\t<div class=\"elementor-element elementor-element-e62c861 elementor-widget elementor-widget-text-editor\" data-id=\"e62c861\" data-element_type=\"widget\" data-e-type=\"widget\" data-widget_type=\"text-editor.default\">\n\t\t\t\t<div class=\"elementor-widget-container\">\n\t\t\t\t\t\t\t\t\t<p>Standard Double Room includes access to the spa for a&nbsp;fee<\/p>\t\t\t\t\t\t\t\t<\/div>\n\t\t\t\t<\/div>\n\t\t\t\t<div class=\"elementor-element elementor-element-37d112d elementor-align-center elementor-widget elementor-widget-button\" data-id=\"37d112d\" data-element_type=\"widget\" data-e-type=\"widget\" data-widget_type=\"button.default\">\n\t\t\t\t<div class=\"elementor-widget-container\">\n\t\t\t\t\t\t\t\t\t<div class=\"elementor-button-wrapper\">\n\t\t\t\t\t<a class=\"elementor-button elementor-button-link elementor-size-sm elementor-animation-grow\" href=\"https:\/\/hoteluzamecku.cz\/en\/book-a-room-hotel\/\">\n\t\t\t\t\t\t<span class=\"elementor-button-content-wrapper\">\n\t\t\t\t\t\t\t\t\t<span class=\"elementor-button-text\">Book now<\/span>\n\t\t\t\t\t<\/span>\n\t\t\t\t\t<\/a>\n\t\t\t\t<\/div>\n\t\t\t\t\t\t\t\t<\/div>\n\t\t\t\t<\/div>\n\t\t\t\t\t<\/div>\n\t\t<\/div>\n\t\t\t\t<div class=\"elementor-column elementor-col-50 elementor-top-column elementor-element elementor-element-8c4d76b\" data-id=\"8c4d76b\" data-element_type=\"column\" data-e-type=\"column\" data-settings=\"{&quot;background_background&quot;:&quot;slideshow&quot;,&quot;background_slideshow_gallery&quot;:[{&quot;id&quot;:11031,&quot;url&quot;:&quot;https:\\\/\\\/hoteluzamecku.cz\\\/wp-content\\\/uploads\\\/2025\\\/06\\\/27_42room_OK_250401_KN6_3443-HDR.jpg&quot;},{&quot;id&quot;:11034,&quot;url&quot;:&quot;https:\\\/\\\/hoteluzamecku.cz\\\/wp-content\\\/uploads\\\/2025\\\/06\\\/28_42room_OK_250401_KN6_3451-HDR.jpg&quot;},{&quot;id&quot;:11037,&quot;url&quot;:&quot;https:\\\/\\\/hoteluzamecku.cz\\\/wp-content\\\/uploads\\\/2025\\\/06\\\/33_42room_OK_250401_KN6_3507-HDR.jpg&quot;},{&quot;id&quot;:11040,&quot;url&quot;:&quot;https:\\\/\\\/hoteluzamecku.cz\\\/wp-content\\\/uploads\\\/2025\\\/06\\\/34_42room_OK_250401_KN6_3515-HDR.jpg&quot;},{&quot;id&quot;:11043,&quot;url&quot;:&quot;https:\\\/\\\/hoteluzamecku.cz\\\/wp-content\\\/uploads\\\/2025\\\/06\\\/65_61room_OK_250401_KN6_3879-HDR.jpg&quot;},{&quot;id&quot;:11046,&quot;url&quot;:&quot;https:\\\/\\\/hoteluzamecku.cz\\\/wp-content\\\/uploads\\\/2025\\\/06\\\/68_62room_OK_250401_KN6_3907-HDR.jpg&quot;},{&quot;id&quot;:11049,&quot;url&quot;:&quot;https:\\\/\\\/hoteluzamecku.cz\\\/wp-content\\\/uploads\\\/2025\\\/06\\\/72_64room_OK_250401_KN6_3943-HDR.jpg&quot;},{&quot;id&quot;:11052,&quot;url&quot;:&quot;https:\\\/\\\/hoteluzamecku.cz\\\/wp-content\\\/uploads\\\/2025\\\/06\\\/77_61room_OK_250402_KN6_3971-HDR.jpg&quot;},{&quot;id&quot;:11055,&quot;url&quot;:&quot;https:\\\/\\\/hoteluzamecku.cz\\\/wp-content\\\/uploads\\\/2025\\\/06\\\/80_61room_OK_250402_KN6_3999-HDR.jpg&quot;},{&quot;id&quot;:11058,&quot;url&quot;:&quot;https:\\\/\\\/hoteluzamecku.cz\\\/wp-content\\\/uploads\\\/2025\\\/06\\\/83_62room_OK_250402_KN6_4023-HDR.jpg&quot;},{&quot;id&quot;:11061,&quot;url&quot;:&quot;https:\\\/\\\/hoteluzamecku.cz\\\/wp-content\\\/uploads\\\/2025\\\/06\\\/86_62room_OK_250402_KN6_4043-HDR.jpg&quot;},{&quot;id&quot;:11064,&quot;url&quot;:&quot;https:\\\/\\\/hoteluzamecku.cz\\\/wp-content\\\/uploads\\\/2025\\\/06\\\/125_schody_OK_250402_KN6_4335-HDR.jpg&quot;},{&quot;id&quot;:11067,&quot;url&quot;:&quot;https:\\\/\\\/hoteluzamecku.cz\\\/wp-content\\\/uploads\\\/2025\\\/06\\\/126_41room_OK_250402_KN6_4343-HDR.jpg&quot;},{&quot;id&quot;:11070,&quot;url&quot;:&quot;https:\\\/\\\/hoteluzamecku.cz\\\/wp-content\\\/uploads\\\/2025\\\/06\\\/130_41room_OK_250402_KN6_4375-HDR.jpg&quot;},{&quot;id&quot;:11073,&quot;url&quot;:&quot;https:\\\/\\\/hoteluzamecku.cz\\\/wp-content\\\/uploads\\\/2025\\\/06\\\/133_41room_OK_250402_KN6_4399-HDR.jpg&quot;},{&quot;id&quot;:11076,&quot;url&quot;:&quot;https:\\\/\\\/hoteluzamecku.cz\\\/wp-content\\\/uploads\\\/2025\\\/06\\\/134_41room_OK_250402_KN6_4403-HDR.jpg&quot;}],&quot;background_slideshow_lazyload&quot;:&quot;yes&quot;,&quot;background_slideshow_loop&quot;:&quot;yes&quot;,&quot;background_slideshow_slide_duration&quot;:5000,&quot;background_slideshow_slide_transition&quot;:&quot;fade&quot;,&quot;background_slideshow_transition_duration&quot;:500}\">\n\t\t\t<div class=\"elementor-widget-wrap elementor-element-populated\">\n\t\t\t\t\t\t<div class=\"elementor-element elementor-element-fc294e8 elementor-widget elementor-widget-spacer\" data-id=\"fc294e8\" data-element_type=\"widget\" data-e-type=\"widget\" data-widget_type=\"spacer.default\">\n\t\t\t\t<div class=\"elementor-widget-container\">\n\t\t\t\t\t\t\t<div class=\"elementor-spacer\">\n\t\t\t<div class=\"elementor-spacer-inner\"><\/div>\n\t\t<\/div>\n\t\t\t\t\t\t<\/div>\n\t\t\t\t<\/div>\n\t\t\t\t\t<\/div>\n\t\t<\/div>\n\t\t\t\t\t<\/div>\n\t\t<\/section>\n\t\t\t\t<section class=\"elementor-section elementor-top-section elementor-element elementor-element-eafe00e elementor-section-boxed elementor-section-height-default elementor-section-height-default\" data-id=\"eafe00e\" data-element_type=\"section\" data-e-type=\"section\" data-settings=\"{&quot;jet_parallax_layout_list&quot;:[]}\">\n\t\t\t\t\t\t<div class=\"elementor-container elementor-column-gap-default\">\n\t\t\t\t\t<div class=\"elementor-column elementor-col-100 elementor-top-column elementor-element elementor-element-1932392\" data-id=\"1932392\" data-element_type=\"column\" data-e-type=\"column\">\n\t\t\t<div class=\"elementor-widget-wrap elementor-element-populated\">\n\t\t\t\t\t\t<div class=\"elementor-element elementor-element-4f05f17 elementor-align-center elementor-widget elementor-widget-button\" data-id=\"4f05f17\" data-element_type=\"widget\" data-e-type=\"widget\" data-widget_type=\"button.default\">\n\t\t\t\t<div class=\"elementor-widget-container\">\n\t\t\t\t\t\t\t\t\t<div class=\"elementor-button-wrapper\">\n\t\t\t\t\t<a class=\"elementor-button elementor-button-link elementor-size-sm elementor-animation-grow\" href=\"https:\/\/hoteluzamecku.cz\/en\/price-list-hotel\/\">\n\t\t\t\t\t\t<span class=\"elementor-button-content-wrapper\">\n\t\t\t\t\t\t\t\t\t<span class=\"elementor-button-text\">Price list<\/span>\n\t\t\t\t\t<\/span>\n\t\t\t\t\t<\/a>\n\t\t\t\t<\/div>\n\t\t\t\t\t\t\t\t<\/div>\n\t\t\t\t<\/div>\n\t\t\t\t<div class=\"elementor-element elementor-element-d38f9f0 elementor-widget elementor-widget-heading\" data-id=\"d38f9f0\" data-element_type=\"widget\" data-e-type=\"widget\" data-widget_type=\"heading.default\">\n\t\t\t\t<div class=\"elementor-widget-container\">\n\t\t\t\t\t<h3 class=\"elementor-heading-title elementor-size-default\">Find out availability<\/h3>\t\t\t\t<\/div>\n\t\t\t\t<\/div>\n\t\t\t\t<div class=\"elementor-element elementor-element-88dd1e2 elementor-widget elementor-widget-text-editor\" data-id=\"88dd1e2\" data-element_type=\"widget\" data-e-type=\"widget\" data-widget_type=\"text-editor.default\">\n\t\t\t\t<div class=\"elementor-widget-container\">\n\t\t\t\t\t\t\t\t\t<p>For availability of individual rooms, restaurant reservations, please inquire on web or by phone. We will contact you shortly.<\/p>\t\t\t\t\t\t\t\t<\/div>\n\t\t\t\t<\/div>\n\t\t\t\t<div class=\"elementor-element elementor-element-c129673 elementor-align-center elementor-widget elementor-widget-button\" data-id=\"c129673\" data-element_type=\"widget\" data-e-type=\"widget\" data-widget_type=\"button.default\">\n\t\t\t\t<div class=\"elementor-widget-container\">\n\t\t\t\t\t\t\t\t\t<div class=\"elementor-button-wrapper\">\n\t\t\t\t\t<a class=\"elementor-button elementor-button-link elementor-size-sm elementor-animation-grow\" href=\"https:\/\/hoteluzamecku.cz\/en\/book-a-room-hotel\/\">\n\t\t\t\t\t\t<span class=\"elementor-button-content-wrapper\">\n\t\t\t\t\t\t\t\t\t<span class=\"elementor-button-text\">Availability<\/span>\n\t\t\t\t\t<\/span>\n\t\t\t\t\t<\/a>\n\t\t\t\t<\/div>\n\t\t\t\t\t\t\t\t<\/div>\n\t\t\t\t<\/div>\n\t\t\t\t\t<\/div>\n\t\t<\/div>\n\t\t\t\t\t<\/div>\n\t\t<\/section>\n\t\t\t\t<section class=\"elementor-section elementor-top-section elementor-element elementor-element-b1b5597 elementor-section-boxed elementor-section-height-default elementor-section-height-default\" data-id=\"b1b5597\" data-element_type=\"section\" data-e-type=\"section\" data-settings=\"{&quot;jet_parallax_layout_list&quot;:[]}\">\n\t\t\t\t\t\t<div class=\"elementor-container elementor-column-gap-default\">\n\t\t\t\t\t<div class=\"elementor-column elementor-col-100 elementor-top-column elementor-element elementor-element-ecd4872\" data-id=\"ecd4872\" data-element_type=\"column\" data-e-type=\"column\">\n\t\t\t<div class=\"elementor-widget-wrap elementor-element-populated\">\n\t\t\t\t\t\t<div class=\"elementor-element elementor-element-63d10c7 elementor-widget elementor-widget-shortcode\" data-id=\"63d10c7\" data-element_type=\"widget\" data-e-type=\"widget\" data-widget_type=\"shortcode.default\">\n\t\t\t\t<div class=\"elementor-widget-container\">\n\t\t\t\t\t\t\t<div class=\"elementor-shortcode\">\t\t<div data-elementor-type=\"section\" data-elementor-id=\"2032\" class=\"elementor elementor-2032\" data-elementor-post-type=\"elementor_library\">\n\t\t\t\t\t<section class=\"elementor-section elementor-top-section elementor-element elementor-element-2be82901 elementor-section-boxed elementor-section-height-default elementor-section-height-default\" data-id=\"2be82901\" data-element_type=\"section\" data-e-type=\"section\" data-settings=\"{&quot;jet_parallax_layout_list&quot;:[]}\">\n\t\t\t\t\t\t<div class=\"elementor-container elementor-column-gap-default\">\n\t\t\t\t\t<div class=\"elementor-column elementor-col-100 elementor-top-column elementor-element elementor-element-4b5d9b98\" data-id=\"4b5d9b98\" data-element_type=\"column\" data-e-type=\"column\">\n\t\t\t<div class=\"elementor-widget-wrap elementor-element-populated\">\n\t\t\t\t\t\t<div class=\"elementor-element elementor-element-1f3747c8 elementor-widget elementor-widget-image\" data-id=\"1f3747c8\" data-element_type=\"widget\" data-e-type=\"widget\" data-widget_type=\"image.default\">\n\t\t\t\t<div class=\"elementor-widget-container\">\n\t\t\t\t\t\t\t\t\t\t\t\t\t\t\t\t<a href=\"https:\/\/hoteluzamecku.cz\/en\/\">\n\t\t\t\t\t\t\t<img decoding=\"async\" width=\"52\" height=\"70\" src=\"https:\/\/hoteluzamecku.cz\/wp-content\/uploads\/2022\/03\/icon-cahteau-cihelny_-2.svg\" class=\"attachment-full size-full wp-image-6160\" alt=\"\" \/>\t\t\t\t\t\t\t\t<\/a>\n\t\t\t\t\t\t\t\t\t\t\t\t\t\t\t<\/div>\n\t\t\t\t<\/div>\n\t\t\t\t\t<\/div>\n\t\t<\/div>\n\t\t\t\t\t<\/div>\n\t\t<\/section>\n\t\t\t\t<\/div>\n\t\t<\/div>\n\t\t\t\t\t\t<\/div>\n\t\t\t\t<\/div>\n\t\t\t\t\t<\/div>\n\t\t<\/div>\n\t\t\t\t\t<\/div>\n\t\t<\/section>\n\t\t\t\t<\/div>\n\t\t","protected":false},"excerpt":{"rendered":"<p>Hotel U&nbsp;Z\u00e1me\u010dku &#8211; rooms All rooms of the Hotel U&nbsp;Z\u00e1me\u010dku***, which is located in close proximity to the Ch\u00e2teau Cihelny building, are equipped with private bathroom with toilet, hairdryer and cosmetics \u2022 Telephone, free Wi-Fi, TV, safe \u2022 Capacity is 10 double rooms with double bed or two single beds. One of the rooms has [&hellip;]<\/p>\n","protected":false},"author":6,"featured_media":0,"parent":0,"menu_order":0,"comment_status":"closed","ping_status":"closed","template":"","meta":{"inline_featured_image":false,"iawp_total_views":22,"footnotes":""},"class_list":["post-10946","page","type-page","status-publish","hentry"],"_links":{"self":[{"href":"https:\/\/hoteluzamecku.cz\/en\/wp-json\/wp\/v2\/pages\/10946","targetHints":{"allow":["GET"]}}],"collection":[{"href":"https:\/\/hoteluzamecku.cz\/en\/wp-json\/wp\/v2\/pages"}],"about":[{"href":"https:\/\/hoteluzamecku.cz\/en\/wp-json\/wp\/v2\/types\/page"}],"author":[{"embeddable":true,"href":"https:\/\/hoteluzamecku.cz\/en\/wp-json\/wp\/v2\/users\/6"}],"replies":[{"embeddable":true,"href":"https:\/\/hoteluzamecku.cz\/en\/wp-json\/wp\/v2\/comments?post=10946"}],"version-history":[{"count":6,"href":"https:\/\/hoteluzamecku.cz\/en\/wp-json\/wp\/v2\/pages\/10946\/revisions"}],"predecessor-version":[{"id":11116,"href":"https:\/\/hoteluzamecku.cz\/en\/wp-json\/wp\/v2\/pages\/10946\/revisions\/11116"}],"wp:attachment":[{"href":"https:\/\/hoteluzamecku.cz\/en\/wp-json\/wp\/v2\/media?parent=10946"}],"curies":[{"name":"wp","href":"https:\/\/api.w.org\/{rel}","templated":true}]}}