{"id":5365,"date":"2022-03-07T13:54:29","date_gmt":"2022-03-07T12:54:29","guid":{"rendered":"https:\/\/hoteluzamecku.cz\/preisliste-der-unterkunft-in-pension-u-golfu\/"},"modified":"2023-01-26T15:34:26","modified_gmt":"2023-01-26T14:34:26","slug":"preisliste-der-unterkunft-in-pension-u-golfu","status":"publish","type":"page","link":"https:\/\/hoteluzamecku.cz\/de\/preisliste-der-unterkunft-in-pension-u-golfu\/","title":{"rendered":"Preisliste der Unterkunft in Pension U&nbsp;Golfu"},"content":{"rendered":"\t\t<div data-elementor-type=\"wp-page\" data-elementor-id=\"5365\" class=\"elementor elementor-5365\" data-elementor-post-type=\"page\">\n\t\t\t\t\t\t<section class=\"elementor-section elementor-top-section elementor-element elementor-element-a9ae30b elementor-section-boxed elementor-section-height-default elementor-section-height-default\" data-id=\"a9ae30b\" data-element_type=\"section\" data-e-type=\"section\" data-settings=\"{&quot;jet_parallax_layout_list&quot;:[]}\">\n\t\t\t\t\t\t<div class=\"elementor-container elementor-column-gap-default\">\n\t\t\t\t\t<div class=\"elementor-column elementor-col-100 elementor-top-column elementor-element elementor-element-49a66d0\" data-id=\"49a66d0\" data-element_type=\"column\" data-e-type=\"column\">\n\t\t\t<div class=\"elementor-widget-wrap elementor-element-populated\">\n\t\t\t\t\t\t<div class=\"elementor-element elementor-element-eccbf61 elementor-widget elementor-widget-heading\" data-id=\"eccbf61\" data-element_type=\"widget\" data-e-type=\"widget\" data-widget_type=\"heading.default\">\n\t\t\t\t<div class=\"elementor-widget-container\">\n\t\t\t\t\t<h2 class=\"elementor-heading-title elementor-size-default\">Preisliste der Unterkunft in Pension U&nbsp;Golfu<\/h2>\t\t\t\t<\/div>\n\t\t\t\t<\/div>\n\t\t\t\t<div class=\"elementor-element elementor-element-ca78cad elementor-widget elementor-widget-text-editor\" data-id=\"ca78cad\" data-element_type=\"widget\" data-e-type=\"widget\" data-widget_type=\"text-editor.default\">\n\t\t\t\t<div class=\"elementor-widget-container\">\n\t\t\t\t\t\t\t\t\t<p class=\"p1\">Die Preise verstehen sich in CZK mit MwSt<span class=\"Apple-converted-space\">.<\/span> (10&nbsp;%) pro Zimmer und Nacht und beinhalten Fr\u00fchst\u00fcck und Parkplatz. Die Kurtaxe in der H\u00f6he von 50&nbsp;CZK pro Person\/Tag ist nicht im Preis inbegriffen<span class=\"Apple-converted-space\">.<\/span><\/p>\n\t\t\t\t\t\t\t\t<\/div>\n\t\t\t\t<\/div>\n\t\t\t\t<div class=\"elementor-element elementor-element-b2ae852 elementor-invisible elementor-widget elementor-widget-jet-table\" data-id=\"b2ae852\" data-element_type=\"widget\" data-e-type=\"widget\" data-settings=\"{&quot;_animation&quot;:&quot;fadeIn&quot;}\" data-widget_type=\"jet-table.default\">\n\t\t\t\t<div class=\"elementor-widget-container\">\n\t\t\t\t\t<div class=\"elementor-jet-table jet-elements\">\n\t\t<div class=\"jet-table-wrapper\">\n\t\t\t<table class=\"jet-table jet-table--fa5-compat\">\n\t\t\t\t<thead class=\"jet-table__head\"><tr class=\"jet-table__head-row\"><th class=\"jet-table__cell elementor-repeater-item-f56aaf9 jet-table__head-cell\" scope=\"col\"><div class=\"jet-table__cell-inner\"><div class=\"jet-table__cell-content\"><div class=\"jet-table__cell-text\">Pension U&nbsp;Golfu<\/div><\/div><\/div><\/th><th class=\"jet-table__cell elementor-repeater-item-fb3f7de jet-table__head-cell\" scope=\"col\"><div class=\"jet-table__cell-inner\"><div class=\"jet-table__cell-content\"><div class=\"jet-table__cell-text\">Hauptsaison<\/div><\/div><\/div><\/th><th class=\"jet-table__cell elementor-repeater-item-0a7da80 jet-table__head-cell\" scope=\"col\"><div class=\"jet-table__cell-inner\"><div class=\"jet-table__cell-content\"><div class=\"jet-table__cell-text\">Nebensaison<\/div><\/div><\/div><\/th><th class=\"jet-table__cell elementor-repeater-item-83da223 jet-table__head-cell\" scope=\"col\"><div class=\"jet-table__cell-inner\"><div class=\"jet-table__cell-content\"><div class=\"jet-table__cell-text\">Filmfestival<\/div><\/div><\/div><\/th><\/tr><\/thead>\n\t\t\t\t\t\t\t\t<tbody class=\"jet-table__body\"><tr class=\"jet-table__body-row elementor-repeater-item-3c8f36e\"><td class=\"jet-table__cell elementor-repeater-item-715dcb4 jet-table__body-cell\"><div class=\"jet-table__cell-inner\"><div class=\"jet-table__cell-content\"><div class=\"jet-table__cell-text\">Einbettzimmer Classic <small><span style=\"color: #7A7A7A\">\u2013 1 Zimmer <\/span><\/small> <\/div><\/div><\/div><\/td><td class=\"jet-table__cell elementor-repeater-item-bcfa175 jet-table__body-cell\"><div class=\"jet-table__cell-inner\"><div class=\"jet-table__cell-content\"><div class=\"jet-table__cell-text\">1&nbsp;600<\/div><\/div><\/div><\/td><td class=\"jet-table__cell elementor-repeater-item-ee3557e jet-table__body-cell\"><div class=\"jet-table__cell-inner\"><div class=\"jet-table__cell-content\"><div class=\"jet-table__cell-text\">1&nbsp;400<\/div><\/div><\/div><\/td><td class=\"jet-table__cell elementor-repeater-item-f2c4354 jet-table__body-cell\"><div class=\"jet-table__cell-inner\"><div class=\"jet-table__cell-content\"><div class=\"jet-table__cell-text\">1&nbsp;900<\/div><\/div><\/div><\/td><\/tr><tr class=\"jet-table__body-row elementor-repeater-item-a40fc90\"><td class=\"jet-table__cell elementor-repeater-item-b7f85fd jet-table__body-cell\"><div class=\"jet-table__cell-inner\"><div class=\"jet-table__cell-content\"><div class=\"jet-table__cell-text\">Doppelzimmer Standard <small><span style=\"color: #7A7A7A\">\u2013 5 Zimmer<\/span><\/small> <\/div><\/div><\/div><\/td><td class=\"jet-table__cell elementor-repeater-item-3885512 jet-table__body-cell\"><div class=\"jet-table__cell-inner\"><div class=\"jet-table__cell-content\"><div class=\"jet-table__cell-text\">1&nbsp;900<\/div><\/div><\/div><\/td><td class=\"jet-table__cell elementor-repeater-item-a4a0f1d jet-table__body-cell\"><div class=\"jet-table__cell-inner\"><div class=\"jet-table__cell-content\"><div class=\"jet-table__cell-text\">1&nbsp;600<\/div><\/div><\/div><\/td><td class=\"jet-table__cell elementor-repeater-item-9f508d4 jet-table__body-cell\"><div class=\"jet-table__cell-inner\"><div class=\"jet-table__cell-content\"><div class=\"jet-table__cell-text\">2&nbsp;300<\/div><\/div><\/div><\/td><\/tr><tr class=\"jet-table__body-row elementor-repeater-item-2c580a6\"><td class=\"jet-table__cell elementor-repeater-item-bbb7334 jet-table__body-cell\"><div class=\"jet-table__cell-inner\"><div class=\"jet-table__cell-content\"><div class=\"jet-table__cell-text\">Apartm\u00e1 <small><span style=\"color: #7A7A7A\">\u2013 1 Zimmer<\/span><\/small> <\/div><\/div><\/div><\/td><td class=\"jet-table__cell elementor-repeater-item-9774380 jet-table__body-cell\"><div class=\"jet-table__cell-inner\"><div class=\"jet-table__cell-content\"><div class=\"jet-table__cell-text\">2&nbsp;200<\/div><\/div><\/div><\/td><td class=\"jet-table__cell elementor-repeater-item-674045b jet-table__body-cell\"><div class=\"jet-table__cell-inner\"><div class=\"jet-table__cell-content\"><div class=\"jet-table__cell-text\">1&nbsp;900<\/div><\/div><\/div><\/td><td class=\"jet-table__cell elementor-repeater-item-7f5369a jet-table__body-cell\"><div class=\"jet-table__cell-inner\"><div class=\"jet-table__cell-content\"><div class=\"jet-table__cell-text\">2&nbsp;600<\/div><\/div><\/div><\/td><\/tr><tr class=\"jet-table__body-row elementor-repeater-item-6b2d833\"><td class=\"jet-table__cell elementor-repeater-item-43ca749 jet-table__body-cell\"><div class=\"jet-table__cell-inner\"><div class=\"jet-table__cell-content\"><div class=\"jet-table__cell-text\">Suite <small><span style=\"color: #7A7A7A\">\u2013 1 Zimmer <\/span><\/small> <\/div><\/div><\/div><\/td><td class=\"jet-table__cell elementor-repeater-item-930f2d7 jet-table__body-cell\"><div class=\"jet-table__cell-inner\"><div class=\"jet-table__cell-content\"><div class=\"jet-table__cell-text\">2&nbsp;400<\/div><\/div><\/div><\/td><td class=\"jet-table__cell elementor-repeater-item-4877053 jet-table__body-cell\"><div class=\"jet-table__cell-inner\"><div class=\"jet-table__cell-content\"><div class=\"jet-table__cell-text\">2&nbsp;100<\/div><\/div><\/div><\/td><td class=\"jet-table__cell elementor-repeater-item-c4ff604 jet-table__body-cell\"><div class=\"jet-table__cell-inner\"><div class=\"jet-table__cell-content\"><div class=\"jet-table__cell-text\">2&nbsp;900<\/div><\/div><\/div><\/td><\/tr><tr class=\"jet-table__body-row elementor-repeater-item-aee166a\"><td class=\"jet-table__cell elementor-repeater-item-35d757e jet-table__body-cell\"><div class=\"jet-table__cell-inner\"><div class=\"jet-table__cell-content\"><div class=\"jet-table__cell-text\">Suite mit 2 Schlafzimmern<\/div><\/div><\/div><\/td><td class=\"jet-table__cell elementor-repeater-item-1ed3350 jet-table__body-cell\"><div class=\"jet-table__cell-inner\"><div class=\"jet-table__cell-content\"><div class=\"jet-table__cell-text\">4&nbsp;300<\/div><\/div><\/div><\/td><td class=\"jet-table__cell elementor-repeater-item-14ddd37 jet-table__body-cell\"><div class=\"jet-table__cell-inner\"><div class=\"jet-table__cell-content\"><div class=\"jet-table__cell-text\">3&nbsp;700<\/div><\/div><\/div><\/td><td class=\"jet-table__cell elementor-repeater-item-b668e73 jet-table__body-cell\"><div class=\"jet-table__cell-inner\"><div class=\"jet-table__cell-content\"><div class=\"jet-table__cell-text\">5&nbsp;200<\/div><\/div><\/div><\/td><\/tr><\/tbody>\n\t\t\t<\/table>\n\t\t<\/div>\n\n\t\t<\/div>\t\t\t\t<\/div>\n\t\t\t\t<\/div>\n\t\t\t\t<div class=\"elementor-element elementor-element-373a494 elementor-widget elementor-widget-shortcode\" data-id=\"373a494\" data-element_type=\"widget\" data-e-type=\"widget\" data-widget_type=\"shortcode.default\">\n\t\t\t\t<div class=\"elementor-widget-container\">\n\t\t\t\t\t\t\t<div class=\"elementor-shortcode\">\t\t<div data-elementor-type=\"section\" data-elementor-id=\"7135\" class=\"elementor elementor-7135 elementor-7125 elementor-7125\" data-elementor-post-type=\"elementor_library\">\n\t\t\t\t\t<section class=\"elementor-section elementor-top-section elementor-element elementor-element-d4630c6 elementor-section-boxed elementor-section-height-default elementor-section-height-default\" data-id=\"d4630c6\" data-element_type=\"section\" data-e-type=\"section\" data-settings=\"{&quot;jet_parallax_layout_list&quot;:[]}\">\n\t\t\t\t\t\t<div class=\"elementor-container elementor-column-gap-default\">\n\t\t\t\t\t<div class=\"elementor-column elementor-col-100 elementor-top-column elementor-element elementor-element-b8a92a0\" data-id=\"b8a92a0\" data-element_type=\"column\" data-e-type=\"column\">\n\t\t\t<div class=\"elementor-widget-wrap elementor-element-populated\">\n\t\t\t\t\t\t<div class=\"elementor-element elementor-element-20810e9 elementor-widget elementor-widget-text-editor\" data-id=\"20810e9\" data-element_type=\"widget\" data-e-type=\"widget\" data-widget_type=\"text-editor.default\">\n\t\t\t\t<div class=\"elementor-widget-container\">\n\t\t\t\t\t\t\t\t\t<p><strong>HAUPTSAISON<\/strong><br>von 1.&nbsp;4.&nbsp;2025 bis 22.&nbsp;12.&nbsp;2025.<br><strong>\u00d6ffnungszeiten Wellnessbereich:<\/strong> Sonntag bis Donnerstag von 8:00 bis 20:00 Uhr. Freitag und Samstag von 08:00 bis 22:00 Uhr.<br><strong>\u00d6ffnungszeiten der Sauna:<\/strong> t\u00e4glich von 16:00 bis 20:00 Uhr.<br><strong>Fitness:<\/strong> t\u00e4glich von 16:00 bis 20:00 Uhr.<\/p><p><strong>HOCHSAISON<\/strong><br>Osterferien: 18.&nbsp;bis 21.&nbsp;4.&nbsp;2025, Weihnachtsferien 22.&nbsp;12.&nbsp;2025 bis 4.&nbsp;1.&nbsp;2026<br><strong>\u00d6ffnungszeiten Wellnessbereich:<\/strong> Sonntag bis Donnerstag von 8:00 bis 20:00 Uhr. Freitag und Samstag von 08:00 bis 22:00 Uhr.<br><strong>\u00d6ffnungszeiten der Sauna:<\/strong> t\u00e4glich von 16:00 bis 20:00 Uhr.<br><strong>Fitness:<\/strong> t\u00e4glich von 16:00 bis 20:00 Uhr.<\/p>\t\t\t\t\t\t\t\t<\/div>\n\t\t\t\t<\/div>\n\t\t\t\t\t<\/div>\n\t\t<\/div>\n\t\t\t\t\t<\/div>\n\t\t<\/section>\n\t\t\t\t<\/div>\n\t\t<\/div>\n\t\t\t\t\t\t<\/div>\n\t\t\t\t<\/div>\n\t\t\t\t<div class=\"elementor-element elementor-element-6f4759a elementor-widget elementor-widget-shortcode\" data-id=\"6f4759a\" data-element_type=\"widget\" data-e-type=\"widget\" data-widget_type=\"shortcode.default\">\n\t\t\t\t<div class=\"elementor-widget-container\">\n\t\t\t\t\t\t\t<div class=\"elementor-shortcode\">\t\t<div data-elementor-type=\"section\" data-elementor-id=\"7103\" class=\"elementor elementor-7103 elementor-7094 elementor-7094\" data-elementor-post-type=\"elementor_library\">\n\t\t\t\t\t<section class=\"elementor-section elementor-top-section elementor-element elementor-element-76cbae2 elementor-section-boxed elementor-section-height-default elementor-section-height-default\" data-id=\"76cbae2\" data-element_type=\"section\" data-e-type=\"section\" data-settings=\"{&quot;jet_parallax_layout_list&quot;:[]}\">\n\t\t\t\t\t\t<div class=\"elementor-container elementor-column-gap-default\">\n\t\t\t\t\t<div class=\"elementor-column elementor-col-100 elementor-top-column elementor-element elementor-element-06e2046\" data-id=\"06e2046\" data-element_type=\"column\" data-e-type=\"column\">\n\t\t\t<div class=\"elementor-widget-wrap elementor-element-populated\">\n\t\t\t\t\t\t<div class=\"elementor-element elementor-element-e640849 elementor-widget elementor-widget-text-editor\" data-id=\"e640849\" data-element_type=\"widget\" data-e-type=\"widget\" data-widget_type=\"text-editor.default\">\n\t\t\t\t<div class=\"elementor-widget-container\">\n\t\t\t\t\t\t\t\t\t<p class=\"p1\"><i><strong>Preis f\u00fcr Einzelbelegung<\/strong>: abz\u00fcglich 300 CZK\/Nacht vom Zimmerpreis. <\/i><i><strong>Preis f\u00fcr Kinder<\/strong>: (Zustellbett Ch\u00e2teau, Villa Golf, Hotel U&nbsp;Z\u00e1me\u010dku) 0-2 Jahre kostenlos, 3-11 Jahre 1100 CZK\/Nacht, 12-15 Jahre Zustellbett 1500 CZK\/Nacht. <\/i>Preis pro Nacht inklusive Fr\u00fchst\u00fcck und Zugang zum Wellnessbereich. Die Unterbringung mit einem Zusatzbett ist im Hotel u&nbsp;Z\u00e1me\u010dku nur in Superior-Zimmern mit Zugang zum Wellnessbereich m\u00f6glich. <i>Preis f\u00fcr Kinder (Zusatzbett Pension U&nbsp;Golfu): 0-2 Jahre: kostenlos, 3-11 Jahre: 600 CZK\/Nacht, 12-15 Jahre: 900 CZK\/Nacht.  <\/i><i><\/i><i><strong>Preis f\u00fcr Haustiere<\/strong> (bis 15&nbsp;kg): 400 CZK\/Nacht (nur in bestimmten Zimmern und nach vorherigen Vereinbarung). <\/i><em>Die Preise von Ch\u00e2teau Cihelny**** und Ville Golf**** beinhalten den <strong>Zugang zum Wellness-Center<\/strong>. Bei Unterbringung im Hotel U&nbsp;Z\u00e1me\u010dku*** und in der Pension U&nbsp;Golfu** ist der Eintritt in das Wellnesszentrum gegen eine zus\u00e4tzliche Geb\u00fchr von 600 CZK\/Person\/Tag m\u00f6glich. Die Preise verstehen sich in CZK mit Mehrwertsteuer (12%) pro Zimmer pro Nacht und beinhalten Fr\u00fchst\u00fcck, Wellness (dem Unterkunft nach) und Parkplatz. Die Kur- und <strong>Aufenthaltssteuer<\/strong> von 50&nbsp;CZK pro Erwachsenem\/Tag ist nicht im Preis inbegriffen. <strong>Sp\u00e4ter Check-out<\/strong> 11:00 &#8211; 14:00 Uhr gegen einen Aufpreis von 500 CZK\/Zimmer, <strong>sp\u00e4ter Check-out<\/strong> 11:00 &#8211; 18:00 Uhr gegen einen Aufpreis von 1000 CZK\/Zimmer &#8211; je nach Verf\u00fcgbarkeit.  <\/em><i><\/i><strong>Wellness f\u00fcr die \u00d6ffentlichkeit<\/strong> 180 Minuten 800 CZK\/Person<\/p>\t\t\t\t\t\t\t\t<\/div>\n\t\t\t\t<\/div>\n\t\t\t\t<div class=\"elementor-element elementor-element-ec36b1f elementor-widget elementor-widget-shortcode\" data-id=\"ec36b1f\" data-element_type=\"widget\" data-e-type=\"widget\" data-widget_type=\"shortcode.default\">\n\t\t\t\t<div class=\"elementor-widget-container\">\n\t\t\t\t\t\t\t<div class=\"elementor-shortcode\">\t\t<div data-elementor-type=\"section\" data-elementor-id=\"11350\" class=\"elementor elementor-11350 elementor-11344 elementor-11344 elementor-11344\" data-elementor-post-type=\"elementor_library\">\n\t\t\t<div class=\"elementor-element elementor-element-bff5841 e-flex e-con-boxed e-con e-parent\" data-id=\"bff5841\" data-element_type=\"container\" data-e-type=\"container\" data-settings=\"{&quot;jet_parallax_layout_list&quot;:[]}\">\n\t\t\t\t\t<div class=\"e-con-inner\">\n\t\t\t\t<div class=\"elementor-element elementor-element-df9df9b elementor-widget elementor-widget-text-editor\" data-id=\"df9df9b\" data-element_type=\"widget\" data-e-type=\"widget\" data-widget_type=\"text-editor.default\">\n\t\t\t\t<div class=\"elementor-widget-container\">\n\t\t\t\t\t\t\t\t\t<p class=\"p1\"><i>Preisliste g\u00fcltig ab 5.&nbsp;1.&nbsp;2026<\/i><\/p>\t\t\t\t\t\t\t\t<\/div>\n\t\t\t\t<\/div>\n\t\t\t\t\t<\/div>\n\t\t\t\t<\/div>\n\t\t\t\t<\/div>\n\t\t<\/div>\n\t\t\t\t\t\t<\/div>\n\t\t\t\t<\/div>\n\t\t\t\t\t<\/div>\n\t\t<\/div>\n\t\t\t\t\t<\/div>\n\t\t<\/section>\n\t\t\t\t<\/div>\n\t\t<\/div>\n\t\t\t\t\t\t<\/div>\n\t\t\t\t<\/div>\n\t\t\t\t<div class=\"elementor-element elementor-element-0df95d3 elementor-align-center elementor-widget__width-auto elementor-widget elementor-widget-button\" data-id=\"0df95d3\" data-element_type=\"widget\" data-e-type=\"widget\" data-widget_type=\"button.default\">\n\t\t\t\t<div class=\"elementor-widget-container\">\n\t\t\t\t\t\t\t\t\t<div class=\"elementor-button-wrapper\">\n\t\t\t\t\t<a class=\"elementor-button elementor-button-link elementor-size-sm\" href=\"https:\/\/hoteluzamecku.cz\/de\/ueber-die-pension\/\">\n\t\t\t\t\t\t<span class=\"elementor-button-content-wrapper\">\n\t\t\t\t\t\t\t\t\t<span class=\"elementor-button-text\">\u00dcber Pension U&nbsp;Golfu<\/span>\n\t\t\t\t\t<\/span>\n\t\t\t\t\t<\/a>\n\t\t\t\t<\/div>\n\t\t\t\t\t\t\t\t<\/div>\n\t\t\t\t<\/div>\n\t\t\t\t<div class=\"elementor-element elementor-element-bb31752 elementor-align-center elementor-widget__width-auto elementor-widget elementor-widget-button\" data-id=\"bb31752\" data-element_type=\"widget\" data-e-type=\"widget\" data-widget_type=\"button.default\">\n\t\t\t\t<div class=\"elementor-widget-container\">\n\t\t\t\t\t\t\t\t\t<div class=\"elementor-button-wrapper\">\n\t\t\t\t\t<a class=\"elementor-button elementor-button-link elementor-size-sm\" href=\"https:\/\/hoteluzamecku.cz\/de\/reservierung-pension\/\">\n\t\t\t\t\t\t<span class=\"elementor-button-content-wrapper\">\n\t\t\t\t\t\t\t\t\t<span class=\"elementor-button-text\">Reservierung<\/span>\n\t\t\t\t\t<\/span>\n\t\t\t\t\t<\/a>\n\t\t\t\t<\/div>\n\t\t\t\t\t\t\t\t<\/div>\n\t\t\t\t<\/div>\n\t\t\t\t<div class=\"elementor-element elementor-element-a143242 elementor-widget elementor-widget-shortcode\" data-id=\"a143242\" data-element_type=\"widget\" data-e-type=\"widget\" data-widget_type=\"shortcode.default\">\n\t\t\t\t<div class=\"elementor-widget-container\">\n\t\t\t\t\t\t\t<div class=\"elementor-shortcode\">\t\t<div data-elementor-type=\"section\" data-elementor-id=\"2032\" class=\"elementor elementor-2032\" data-elementor-post-type=\"elementor_library\">\n\t\t\t\t\t<section class=\"elementor-section elementor-top-section elementor-element elementor-element-2be82901 elementor-section-boxed elementor-section-height-default elementor-section-height-default\" data-id=\"2be82901\" data-element_type=\"section\" data-e-type=\"section\" data-settings=\"{&quot;jet_parallax_layout_list&quot;:[]}\">\n\t\t\t\t\t\t<div class=\"elementor-container elementor-column-gap-default\">\n\t\t\t\t\t<div class=\"elementor-column elementor-col-100 elementor-top-column elementor-element elementor-element-4b5d9b98\" data-id=\"4b5d9b98\" data-element_type=\"column\" data-e-type=\"column\">\n\t\t\t<div class=\"elementor-widget-wrap elementor-element-populated\">\n\t\t\t\t\t\t<div class=\"elementor-element elementor-element-1f3747c8 elementor-widget elementor-widget-image\" data-id=\"1f3747c8\" data-element_type=\"widget\" data-e-type=\"widget\" data-widget_type=\"image.default\">\n\t\t\t\t<div class=\"elementor-widget-container\">\n\t\t\t\t\t\t\t\t\t\t\t\t\t\t\t\t<a href=\"https:\/\/hoteluzamecku.cz\/de\/\">\n\t\t\t\t\t\t\t<img decoding=\"async\" width=\"52\" height=\"70\" src=\"https:\/\/hoteluzamecku.cz\/wp-content\/uploads\/2022\/03\/icon-cahteau-cihelny_-2.svg\" class=\"attachment-full size-full wp-image-4870\" alt=\"\" \/>\t\t\t\t\t\t\t\t<\/a>\n\t\t\t\t\t\t\t\t\t\t\t\t\t\t\t<\/div>\n\t\t\t\t<\/div>\n\t\t\t\t\t<\/div>\n\t\t<\/div>\n\t\t\t\t\t<\/div>\n\t\t<\/section>\n\t\t\t\t<\/div>\n\t\t<\/div>\n\t\t\t\t\t\t<\/div>\n\t\t\t\t<\/div>\n\t\t\t\t\t<\/div>\n\t\t<\/div>\n\t\t\t\t\t<\/div>\n\t\t<\/section>\n\t\t\t\t<\/div>\n\t\t","protected":false},"excerpt":{"rendered":"<p>Preisliste der Unterkunft in Pension U&nbsp;Golfu Die Preise verstehen sich in CZK mit MwSt. (10&nbsp;%) pro Zimmer und Nacht und beinhalten Fr\u00fchst\u00fcck und Parkplatz. Die Kurtaxe in der H\u00f6he von 50&nbsp;CZK pro Person\/Tag ist nicht im Preis inbegriffen. Pension U&nbsp;Golfu Hauptsaison Nebensaison Filmfestival Einbettzimmer Classic \u2013 1 Zimmer 1&nbsp;600&nbsp;1&nbsp;400&nbsp;1&nbsp;900 Doppelzimmer Standard \u2013 5 [&hellip;]<\/p>\n","protected":false},"author":6,"featured_media":0,"parent":0,"menu_order":0,"comment_status":"closed","ping_status":"closed","template":"","meta":{"inline_featured_image":false,"iawp_total_views":1,"footnotes":""},"class_list":["post-5365","page","type-page","status-publish","hentry"],"_links":{"self":[{"href":"https:\/\/hoteluzamecku.cz\/de\/wp-json\/wp\/v2\/pages\/5365","targetHints":{"allow":["GET"]}}],"collection":[{"href":"https:\/\/hoteluzamecku.cz\/de\/wp-json\/wp\/v2\/pages"}],"about":[{"href":"https:\/\/hoteluzamecku.cz\/de\/wp-json\/wp\/v2\/types\/page"}],"author":[{"embeddable":true,"href":"https:\/\/hoteluzamecku.cz\/de\/wp-json\/wp\/v2\/users\/6"}],"replies":[{"embeddable":true,"href":"https:\/\/hoteluzamecku.cz\/de\/wp-json\/wp\/v2\/comments?post=5365"}],"version-history":[{"count":0,"href":"https:\/\/hoteluzamecku.cz\/de\/wp-json\/wp\/v2\/pages\/5365\/revisions"}],"wp:attachment":[{"href":"https:\/\/hoteluzamecku.cz\/de\/wp-json\/wp\/v2\/media?parent=5365"}],"curies":[{"name":"wp","href":"https:\/\/api.w.org\/{rel}","templated":true}]}}