{"id":5359,"date":"2022-03-07T13:52:13","date_gmt":"2022-03-07T12:52:13","guid":{"rendered":"https:\/\/hoteluzamecku.cz\/preisliste-der-unterkunft-im-hotel-u-zamecku\/"},"modified":"2025-04-07T14:54:59","modified_gmt":"2025-04-07T12:54:59","slug":"preisliste-der-unterkunft-im-hotel-u-zamecku","status":"publish","type":"page","link":"https:\/\/hoteluzamecku.cz\/de\/preisliste-der-unterkunft-im-hotel-u-zamecku\/","title":{"rendered":"Preisliste der Unterkunft im Hotel U&nbsp;Z\u00e1me\u010dku"},"content":{"rendered":"\t\t<div data-elementor-type=\"wp-page\" data-elementor-id=\"5359\" class=\"elementor elementor-5359 elementor-615\" data-elementor-post-type=\"page\">\n\t\t\t\t\t\t<section class=\"elementor-section elementor-top-section elementor-element elementor-element-8ebf740 elementor-section-boxed elementor-section-height-default elementor-section-height-default\" data-id=\"8ebf740\" data-element_type=\"section\" data-e-type=\"section\" data-settings=\"{&quot;jet_parallax_layout_list&quot;:[]}\">\n\t\t\t\t\t\t<div class=\"elementor-container elementor-column-gap-default\">\n\t\t\t\t\t<div class=\"elementor-column elementor-col-100 elementor-top-column elementor-element elementor-element-3fb44c4\" data-id=\"3fb44c4\" data-element_type=\"column\" data-e-type=\"column\">\n\t\t\t<div class=\"elementor-widget-wrap elementor-element-populated\">\n\t\t\t\t\t\t<div class=\"elementor-element elementor-element-0ea0be0 elementor-widget elementor-widget-heading\" data-id=\"0ea0be0\" data-element_type=\"widget\" data-e-type=\"widget\" data-widget_type=\"heading.default\">\n\t\t\t\t<div class=\"elementor-widget-container\">\n\t\t\t\t\t<h2 class=\"elementor-heading-title elementor-size-default\">Preisliste der Unterkunft im Hotel U&nbsp;Z\u00e1me\u010dku<\/h2>\t\t\t\t<\/div>\n\t\t\t\t<\/div>\n\t\t\t\t<div class=\"elementor-element elementor-element-ed60985 elementor-widget elementor-widget-text-editor\" data-id=\"ed60985\" data-element_type=\"widget\" data-e-type=\"widget\" data-widget_type=\"text-editor.default\">\n\t\t\t\t<div class=\"elementor-widget-container\">\n\t\t\t\t\t\t\t\t\t<p class=\"p1\">Die Preise verstehen sich<span class=\"Apple-converted-space\">  <\/span>Die Preise verstehen sich in CZK mit MwSt. (12&nbsp;%) pro Zimmer und Nacht und beinhalten Fr\u00fchst\u00fcck und Parkplatz. Die Kurtaxe in der H\u00f6he von 50&nbsp;CZK pro Person\/Tag ist nicht im Preis inbegriffen.<\/p>\t\t\t\t\t\t\t\t<\/div>\n\t\t\t\t<\/div>\n\t\t\t\t<div class=\"elementor-element elementor-element-5d34530 elementor-invisible elementor-widget elementor-widget-jet-table\" data-id=\"5d34530\" data-element_type=\"widget\" data-e-type=\"widget\" data-settings=\"{&quot;_animation&quot;:&quot;fadeIn&quot;}\" data-widget_type=\"jet-table.default\">\n\t\t\t\t<div class=\"elementor-widget-container\">\n\t\t\t\t\t<div class=\"elementor-jet-table jet-elements\">\n\t\t<div class=\"jet-table-wrapper\">\n\t\t\t<table class=\"jet-table jet-table--fa5-compat\">\n\t\t\t\t<thead class=\"jet-table__head\"><tr class=\"jet-table__head-row\"><th class=\"jet-table__cell elementor-repeater-item-f56aaf9 jet-table__head-cell\" scope=\"col\"><div class=\"jet-table__cell-inner\"><div class=\"jet-table__cell-content\"><div class=\"jet-table__cell-text\">Hotel U&nbsp;z\u00e1me\u010dku<\/div><\/div><\/div><\/th><th class=\"jet-table__cell elementor-repeater-item-fb3f7de jet-table__head-cell\" scope=\"col\"><div class=\"jet-table__cell-inner\"><div class=\"jet-table__cell-content\"><div class=\"jet-table__cell-text\">Hauptsaison<\/div><\/div><\/div><\/th><th class=\"jet-table__cell elementor-repeater-item-50e90d1 jet-table__head-cell\" scope=\"col\"><div class=\"jet-table__cell-inner\"><div class=\"jet-table__cell-content\"><div class=\"jet-table__cell-text\">HOCHSAISON<\/div><\/div><\/div><\/th><\/tr><\/thead>\n\t\t\t\t\t\t\t\t<tbody class=\"jet-table__body\"><tr class=\"jet-table__body-row elementor-repeater-item-3c8f36e\"><td class=\"jet-table__cell elementor-repeater-item-715dcb4 jet-table__body-cell\"><div class=\"jet-table__cell-inner\"><div class=\"jet-table__cell-content\"><div class=\"jet-table__cell-text\">Economy Double Room<\/div><\/div><\/div><\/td><td class=\"jet-table__cell elementor-repeater-item-3885512 jet-table__body-cell\"><div class=\"jet-table__cell-inner\"><div class=\"jet-table__cell-content\"><div class=\"jet-table__cell-text\">2&nbsp;500<\/div><\/div><\/div><\/td><td class=\"jet-table__cell elementor-repeater-item-56b197f jet-table__body-cell\"><div class=\"jet-table__cell-inner\"><div class=\"jet-table__cell-content\"><div class=\"jet-table__cell-text\">3&nbsp;000<\/div><\/div><\/div><\/td><\/tr><tr class=\"jet-table__body-row elementor-repeater-item-95bf59e\"><td class=\"jet-table__cell elementor-repeater-item-a0c2a32 jet-table__body-cell\"><div class=\"jet-table__cell-inner\"><div class=\"jet-table__cell-content\"><div class=\"jet-table__cell-text\">Standard Double Room<\/div><\/div><\/div><\/td><td class=\"jet-table__cell elementor-repeater-item-d8779ba jet-table__body-cell\"><div class=\"jet-table__cell-inner\"><div class=\"jet-table__cell-content\"><div class=\"jet-table__cell-text\">2&nbsp;900<\/div><\/div><\/div><\/td><td class=\"jet-table__cell elementor-repeater-item-7458690 jet-table__body-cell\"><div class=\"jet-table__cell-inner\"><div class=\"jet-table__cell-content\"><div class=\"jet-table__cell-text\">3&nbsp;500<\/div><\/div><\/div><\/td><\/tr><tr class=\"jet-table__body-row elementor-repeater-item-f67a0b4\"><td class=\"jet-table__cell elementor-repeater-item-aeb19bf jet-table__body-cell\"><div class=\"jet-table__cell-inner\"><div class=\"jet-table__cell-content\"><div class=\"jet-table__cell-text\">Superior Double Room*<\/div><\/div><\/div><\/td><td class=\"jet-table__cell elementor-repeater-item-2a18f6b jet-table__body-cell\"><div class=\"jet-table__cell-inner\"><div class=\"jet-table__cell-content\"><div class=\"jet-table__cell-text\">3&nbsp;900<\/div><\/div><\/div><\/td><td class=\"jet-table__cell elementor-repeater-item-78c973b jet-table__body-cell\"><div class=\"jet-table__cell-inner\"><div class=\"jet-table__cell-content\"><div class=\"jet-table__cell-text\">4&nbsp;500<\/div><\/div><\/div><\/td><\/tr><tr class=\"jet-table__body-row elementor-repeater-item-c7100f4\"><\/tr><\/tbody>\n\t\t\t<\/table>\n\t\t<\/div>\n\n\t\t<\/div>\t\t\t\t<\/div>\n\t\t\t\t<\/div>\n\t\t\t\t<div class=\"elementor-element elementor-element-c98a182 elementor-widget elementor-widget-text-editor\" data-id=\"c98a182\" data-element_type=\"widget\" data-e-type=\"widget\" data-widget_type=\"text-editor.default\">\n\t\t\t\t<div class=\"elementor-widget-container\">\n\t\t\t\t\t\t\t\t\t<p>* Superior Doppelzimmer mit Zugang zum Wellnessbereich<\/p>\t\t\t\t\t\t\t\t<\/div>\n\t\t\t\t<\/div>\n\t\t\t\t<div class=\"elementor-element elementor-element-9346ea2 elementor-widget elementor-widget-shortcode\" data-id=\"9346ea2\" data-element_type=\"widget\" data-e-type=\"widget\" data-widget_type=\"shortcode.default\">\n\t\t\t\t<div class=\"elementor-widget-container\">\n\t\t\t\t\t\t\t<div class=\"elementor-shortcode\">\t\t<div data-elementor-type=\"container\" data-elementor-id=\"10521\" class=\"elementor elementor-10521 elementor-10516 elementor-10516\" data-elementor-post-type=\"elementor_library\">\n\t\t\t\t<div class=\"elementor-element elementor-element-7e5c8c43 e-flex e-con-boxed e-con e-parent\" data-id=\"7e5c8c43\" data-element_type=\"container\" data-e-type=\"container\" data-settings=\"{&quot;jet_parallax_layout_list&quot;:[]}\">\n\t\t\t\t\t<div class=\"e-con-inner\">\n\t\t<div class=\"elementor-element elementor-element-c36f28c e-con-full e-grid e-con e-child\" data-id=\"c36f28c\" data-element_type=\"container\" data-e-type=\"container\" data-settings=\"{&quot;jet_parallax_layout_list&quot;:[]}\">\n\t\t<div class=\"elementor-element elementor-element-7958e7e9 e-con-full e-flex e-con e-child\" data-id=\"7958e7e9\" data-element_type=\"container\" data-e-type=\"container\" data-settings=\"{&quot;jet_parallax_layout_list&quot;:[]}\">\n\t\t\t\t<div class=\"elementor-element elementor-element-73a2dd95 elementor-widget elementor-widget-heading\" data-id=\"73a2dd95\" data-element_type=\"widget\" data-e-type=\"widget\" data-widget_type=\"heading.default\">\n\t\t\t\t<div class=\"elementor-widget-container\">\n\t\t\t\t\t<h3 class=\"elementor-heading-title elementor-size-default\">Jahreszeiten <\/h3>\t\t\t\t<\/div>\n\t\t\t\t<\/div>\n\t\t\t\t<div class=\"elementor-element elementor-element-76b64857 elementor-widget-divider--view-line elementor-widget elementor-widget-divider\" data-id=\"76b64857\" data-element_type=\"widget\" data-e-type=\"widget\" data-widget_type=\"divider.default\">\n\t\t\t\t<div class=\"elementor-widget-container\">\n\t\t\t\t\t\t\t<div class=\"elementor-divider\">\n\t\t\t<span class=\"elementor-divider-separator\">\n\t\t\t\t\t\t<\/span>\n\t\t<\/div>\n\t\t\t\t\t\t<\/div>\n\t\t\t\t<\/div>\n\t\t\t\t<div class=\"elementor-element elementor-element-3ec36c0 elementor-widget elementor-widget-text-editor\" data-id=\"3ec36c0\" data-element_type=\"widget\" data-e-type=\"widget\" data-widget_type=\"text-editor.default\">\n\t\t\t\t<div class=\"elementor-widget-container\">\n\t\t\t\t\t\t\t\t\t<p><strong>HAUPTSAISON: <\/strong>ab 1.&nbsp;5.&nbsp;2026 bis 22.&nbsp;12.&nbsp;2026.  <br><strong>HOCHSAISON:<\/strong> Ostern: 2.4.&nbsp;bis zu 6.&nbsp;4.&nbsp;2026,<br>Weihnachtsferien 23.&nbsp;12.&nbsp;2026 bis 3.&nbsp;1.&nbsp;2027<\/p>\t\t\t\t\t\t\t\t<\/div>\n\t\t\t\t<\/div>\n\t\t\t\t<\/div>\n\t\t<div class=\"elementor-element elementor-element-6283394a e-con-full e-flex e-con e-child\" data-id=\"6283394a\" data-element_type=\"container\" data-e-type=\"container\" data-settings=\"{&quot;jet_parallax_layout_list&quot;:[]}\">\n\t\t\t\t<div class=\"elementor-element elementor-element-2ce7eb59 elementor-widget elementor-widget-heading\" data-id=\"2ce7eb59\" data-element_type=\"widget\" data-e-type=\"widget\" data-widget_type=\"heading.default\">\n\t\t\t\t<div class=\"elementor-widget-container\">\n\t\t\t\t\t<h3 class=\"elementor-heading-title elementor-size-default\">Betriebsstunden<\/h3>\t\t\t\t<\/div>\n\t\t\t\t<\/div>\n\t\t\t\t<div class=\"elementor-element elementor-element-16bdeb86 elementor-widget-divider--view-line elementor-widget elementor-widget-divider\" data-id=\"16bdeb86\" data-element_type=\"widget\" data-e-type=\"widget\" data-widget_type=\"divider.default\">\n\t\t\t\t<div class=\"elementor-widget-container\">\n\t\t\t\t\t\t\t<div class=\"elementor-divider\">\n\t\t\t<span class=\"elementor-divider-separator\">\n\t\t\t\t\t\t<\/span>\n\t\t<\/div>\n\t\t\t\t\t\t<\/div>\n\t\t\t\t<\/div>\n\t\t\t\t<div class=\"elementor-element elementor-element-20b42397 elementor-widget elementor-widget-text-editor\" data-id=\"20b42397\" data-element_type=\"widget\" data-e-type=\"widget\" data-widget_type=\"text-editor.default\">\n\t\t\t\t<div class=\"elementor-widget-container\">\n\t\t\t\t\t\t\t\t\t<p><strong>WELLNESS und FITNESS: <\/strong>Sonntag bis Donnerstag von 08:00 bis 20:00 Uhr. Freitag und Samstag von 08:00 bis 22:00 Uhr.<br><strong>SAUNA:<\/strong> Sonntag bis Donnerstag von 16:00 bis 20:00. Freitag und Samstag von 16:00 bis 22:00 Uhr. <\/p>\t\t\t\t\t\t\t\t<\/div>\n\t\t\t\t<\/div>\n\t\t\t\t<\/div>\n\t\t\t\t<\/div>\n\t\t\t\t\t<\/div>\n\t\t\t\t<\/div>\n\t\t\t\t<\/div>\n\t\t<\/div>\n\t\t\t\t\t\t<\/div>\n\t\t\t\t<\/div>\n\t\t\t\t<div class=\"elementor-element elementor-element-9d54654 elementor-widget elementor-widget-shortcode\" data-id=\"9d54654\" data-element_type=\"widget\" data-e-type=\"widget\" data-widget_type=\"shortcode.default\">\n\t\t\t\t<div class=\"elementor-widget-container\">\n\t\t\t\t\t\t\t<div class=\"elementor-shortcode\">\t\t<div data-elementor-type=\"section\" data-elementor-id=\"7103\" class=\"elementor elementor-7103 elementor-7094 elementor-7094\" data-elementor-post-type=\"elementor_library\">\n\t\t\t\t\t<section class=\"elementor-section elementor-top-section elementor-element elementor-element-76cbae2 elementor-section-boxed elementor-section-height-default elementor-section-height-default\" data-id=\"76cbae2\" data-element_type=\"section\" data-e-type=\"section\" data-settings=\"{&quot;jet_parallax_layout_list&quot;:[]}\">\n\t\t\t\t\t\t<div class=\"elementor-container elementor-column-gap-default\">\n\t\t\t\t\t<div class=\"elementor-column elementor-col-100 elementor-top-column elementor-element elementor-element-06e2046\" data-id=\"06e2046\" data-element_type=\"column\" data-e-type=\"column\">\n\t\t\t<div class=\"elementor-widget-wrap elementor-element-populated\">\n\t\t\t\t\t\t<div class=\"elementor-element elementor-element-e640849 elementor-widget elementor-widget-text-editor\" data-id=\"e640849\" data-element_type=\"widget\" data-e-type=\"widget\" data-widget_type=\"text-editor.default\">\n\t\t\t\t<div class=\"elementor-widget-container\">\n\t\t\t\t\t\t\t\t\t<p class=\"p1\"><i><strong>Preis f\u00fcr Einzelbelegung<\/strong>: abz\u00fcglich 300 CZK\/Nacht vom Zimmerpreis. <\/i><i><strong>Preis f\u00fcr Kinder<\/strong>: (Zustellbett Ch\u00e2teau, Villa Golf, Hotel U&nbsp;Z\u00e1me\u010dku) 0-2 Jahre kostenlos, 3-11 Jahre 1100 CZK\/Nacht, 12-15 Jahre Zustellbett 1500 CZK\/Nacht. <\/i>Preis pro Nacht inklusive Fr\u00fchst\u00fcck und Zugang zum Wellnessbereich. Die Unterbringung mit einem Zusatzbett ist im Hotel u&nbsp;Z\u00e1me\u010dku nur in Superior-Zimmern mit Zugang zum Wellnessbereich m\u00f6glich. <i>Preis f\u00fcr Kinder (Zusatzbett Pension U&nbsp;Golfu): 0-2 Jahre: kostenlos, 3-11 Jahre: 600 CZK\/Nacht, 12-15 Jahre: 900 CZK\/Nacht.  <\/i><i><\/i><i><strong>Preis f\u00fcr Haustiere<\/strong> (bis 15&nbsp;kg): 400 CZK\/Nacht (nur in bestimmten Zimmern und nach vorherigen Vereinbarung). <\/i><em>Die Preise von Ch\u00e2teau Cihelny**** und Ville Golf**** beinhalten den <strong>Zugang zum Wellness-Center<\/strong>. Bei Unterbringung im Hotel U&nbsp;Z\u00e1me\u010dku*** und in der Pension U&nbsp;Golfu** ist der Eintritt in das Wellnesszentrum gegen eine zus\u00e4tzliche Geb\u00fchr von 600 CZK\/Person\/Tag m\u00f6glich. Die Preise verstehen sich in CZK mit Mehrwertsteuer (12%) pro Zimmer pro Nacht und beinhalten Fr\u00fchst\u00fcck, Wellness (dem Unterkunft nach) und Parkplatz. Die Kur- und <strong>Aufenthaltssteuer<\/strong> von 50&nbsp;CZK pro Erwachsenem\/Tag ist nicht im Preis inbegriffen. <strong>Sp\u00e4ter Check-out<\/strong> 11:00 &#8211; 14:00 Uhr gegen einen Aufpreis von 500 CZK\/Zimmer, <strong>sp\u00e4ter Check-out<\/strong> 11:00 &#8211; 18:00 Uhr gegen einen Aufpreis von 1000 CZK\/Zimmer &#8211; je nach Verf\u00fcgbarkeit.  <\/em><i><\/i><strong>Wellness f\u00fcr die \u00d6ffentlichkeit<\/strong> 180 Minuten 800 CZK\/Person<\/p>\t\t\t\t\t\t\t\t<\/div>\n\t\t\t\t<\/div>\n\t\t\t\t<div class=\"elementor-element elementor-element-ec36b1f elementor-widget elementor-widget-shortcode\" data-id=\"ec36b1f\" data-element_type=\"widget\" data-e-type=\"widget\" data-widget_type=\"shortcode.default\">\n\t\t\t\t<div class=\"elementor-widget-container\">\n\t\t\t\t\t\t\t<div class=\"elementor-shortcode\">\t\t<div data-elementor-type=\"section\" data-elementor-id=\"11350\" class=\"elementor elementor-11350 elementor-11344 elementor-11344 elementor-11344\" data-elementor-post-type=\"elementor_library\">\n\t\t\t<div class=\"elementor-element elementor-element-bff5841 e-flex e-con-boxed e-con e-parent\" data-id=\"bff5841\" data-element_type=\"container\" data-e-type=\"container\" data-settings=\"{&quot;jet_parallax_layout_list&quot;:[]}\">\n\t\t\t\t\t<div class=\"e-con-inner\">\n\t\t\t\t<div class=\"elementor-element elementor-element-df9df9b elementor-widget elementor-widget-text-editor\" data-id=\"df9df9b\" data-element_type=\"widget\" data-e-type=\"widget\" data-widget_type=\"text-editor.default\">\n\t\t\t\t<div class=\"elementor-widget-container\">\n\t\t\t\t\t\t\t\t\t<p class=\"p1\"><i>Preisliste g\u00fcltig ab 5.&nbsp;1.&nbsp;2026<\/i><\/p>\t\t\t\t\t\t\t\t<\/div>\n\t\t\t\t<\/div>\n\t\t\t\t\t<\/div>\n\t\t\t\t<\/div>\n\t\t\t\t<\/div>\n\t\t<\/div>\n\t\t\t\t\t\t<\/div>\n\t\t\t\t<\/div>\n\t\t\t\t\t<\/div>\n\t\t<\/div>\n\t\t\t\t\t<\/div>\n\t\t<\/section>\n\t\t\t\t<\/div>\n\t\t<\/div>\n\t\t\t\t\t\t<\/div>\n\t\t\t\t<\/div>\n\t\t\t\t<div class=\"elementor-element elementor-element-9f5bf2b elementor-align-center elementor-widget__width-auto elementor-widget elementor-widget-button\" data-id=\"9f5bf2b\" data-element_type=\"widget\" data-e-type=\"widget\" data-widget_type=\"button.default\">\n\t\t\t\t<div class=\"elementor-widget-container\">\n\t\t\t\t\t\t\t\t\t<div class=\"elementor-button-wrapper\">\n\t\t\t\t\t<a class=\"elementor-button elementor-button-link elementor-size-sm\" href=\"https:\/\/hoteluzamecku.cz\/de\/ueber-das-hotel\/\">\n\t\t\t\t\t\t<span class=\"elementor-button-content-wrapper\">\n\t\t\t\t\t\t\t\t\t<span class=\"elementor-button-text\">\u00dcber das Hotel<\/span>\n\t\t\t\t\t<\/span>\n\t\t\t\t\t<\/a>\n\t\t\t\t<\/div>\n\t\t\t\t\t\t\t\t<\/div>\n\t\t\t\t<\/div>\n\t\t\t\t<div class=\"elementor-element elementor-element-f07ed97 elementor-align-center elementor-widget__width-auto elementor-widget elementor-widget-button\" data-id=\"f07ed97\" data-element_type=\"widget\" data-e-type=\"widget\" data-widget_type=\"button.default\">\n\t\t\t\t<div class=\"elementor-widget-container\">\n\t\t\t\t\t\t\t\t\t<div class=\"elementor-button-wrapper\">\n\t\t\t\t\t<a class=\"elementor-button elementor-button-link elementor-size-sm\" href=\"https:\/\/hoteluzamecku.cz\/de\/reservierung-hotel\/\">\n\t\t\t\t\t\t<span class=\"elementor-button-content-wrapper\">\n\t\t\t\t\t\t\t\t\t<span class=\"elementor-button-text\">Reservierung<\/span>\n\t\t\t\t\t<\/span>\n\t\t\t\t\t<\/a>\n\t\t\t\t<\/div>\n\t\t\t\t\t\t\t\t<\/div>\n\t\t\t\t<\/div>\n\t\t\t\t<div class=\"elementor-element elementor-element-cbb15e4 elementor-widget elementor-widget-shortcode\" data-id=\"cbb15e4\" data-element_type=\"widget\" data-e-type=\"widget\" data-widget_type=\"shortcode.default\">\n\t\t\t\t<div class=\"elementor-widget-container\">\n\t\t\t\t\t\t\t<div class=\"elementor-shortcode\">\t\t<div data-elementor-type=\"section\" data-elementor-id=\"2032\" class=\"elementor elementor-2032\" data-elementor-post-type=\"elementor_library\">\n\t\t\t\t\t<section class=\"elementor-section elementor-top-section elementor-element elementor-element-2be82901 elementor-section-boxed elementor-section-height-default elementor-section-height-default\" data-id=\"2be82901\" data-element_type=\"section\" data-e-type=\"section\" data-settings=\"{&quot;jet_parallax_layout_list&quot;:[]}\">\n\t\t\t\t\t\t<div class=\"elementor-container elementor-column-gap-default\">\n\t\t\t\t\t<div class=\"elementor-column elementor-col-100 elementor-top-column elementor-element elementor-element-4b5d9b98\" data-id=\"4b5d9b98\" data-element_type=\"column\" data-e-type=\"column\">\n\t\t\t<div class=\"elementor-widget-wrap elementor-element-populated\">\n\t\t\t\t\t\t<div class=\"elementor-element elementor-element-1f3747c8 elementor-widget elementor-widget-image\" data-id=\"1f3747c8\" data-element_type=\"widget\" data-e-type=\"widget\" data-widget_type=\"image.default\">\n\t\t\t\t<div class=\"elementor-widget-container\">\n\t\t\t\t\t\t\t\t\t\t\t\t\t\t\t\t<a href=\"https:\/\/hoteluzamecku.cz\/de\/\">\n\t\t\t\t\t\t\t<img decoding=\"async\" width=\"52\" height=\"70\" src=\"https:\/\/hoteluzamecku.cz\/wp-content\/uploads\/2022\/03\/icon-cahteau-cihelny_-2.svg\" class=\"attachment-full size-full wp-image-4870\" alt=\"\" \/>\t\t\t\t\t\t\t\t<\/a>\n\t\t\t\t\t\t\t\t\t\t\t\t\t\t\t<\/div>\n\t\t\t\t<\/div>\n\t\t\t\t\t<\/div>\n\t\t<\/div>\n\t\t\t\t\t<\/div>\n\t\t<\/section>\n\t\t\t\t<\/div>\n\t\t<\/div>\n\t\t\t\t\t\t<\/div>\n\t\t\t\t<\/div>\n\t\t\t\t\t<\/div>\n\t\t<\/div>\n\t\t\t\t\t<\/div>\n\t\t<\/section>\n\t\t\t\t<\/div>\n\t\t","protected":false},"excerpt":{"rendered":"<p>Preisliste der Unterkunft im Hotel U&nbsp;Z\u00e1me\u010dku Die Preise verstehen sich Die Preise verstehen sich in CZK mit MwSt. (12&nbsp;%) pro Zimmer und Nacht und beinhalten Fr\u00fchst\u00fcck und Parkplatz. Die Kurtaxe in der H\u00f6he von 50&nbsp;CZK pro Person\/Tag ist nicht im Preis inbegriffen. Hotel U&nbsp;z\u00e1me\u010dku Hauptsaison HOCHSAISON Economy Double Room 2&nbsp;500&nbsp;3&nbsp;000 Standard Double Room 2&nbsp;900 [&hellip;]<\/p>\n","protected":false},"author":6,"featured_media":0,"parent":0,"menu_order":0,"comment_status":"closed","ping_status":"closed","template":"","meta":{"inline_featured_image":false,"iawp_total_views":68,"footnotes":""},"class_list":["post-5359","page","type-page","status-publish","hentry"],"_links":{"self":[{"href":"https:\/\/hoteluzamecku.cz\/de\/wp-json\/wp\/v2\/pages\/5359","targetHints":{"allow":["GET"]}}],"collection":[{"href":"https:\/\/hoteluzamecku.cz\/de\/wp-json\/wp\/v2\/pages"}],"about":[{"href":"https:\/\/hoteluzamecku.cz\/de\/wp-json\/wp\/v2\/types\/page"}],"author":[{"embeddable":true,"href":"https:\/\/hoteluzamecku.cz\/de\/wp-json\/wp\/v2\/users\/6"}],"replies":[{"embeddable":true,"href":"https:\/\/hoteluzamecku.cz\/de\/wp-json\/wp\/v2\/comments?post=5359"}],"version-history":[{"count":9,"href":"https:\/\/hoteluzamecku.cz\/de\/wp-json\/wp\/v2\/pages\/5359\/revisions"}],"predecessor-version":[{"id":10626,"href":"https:\/\/hoteluzamecku.cz\/de\/wp-json\/wp\/v2\/pages\/5359\/revisions\/10626"}],"wp:attachment":[{"href":"https:\/\/hoteluzamecku.cz\/de\/wp-json\/wp\/v2\/media?parent=5359"}],"curies":[{"name":"wp","href":"https:\/\/api.w.org\/{rel}","templated":true}]}}